{"id":314,"date":"2026-02-15T20:19:55","date_gmt":"2026-02-15T19:19:55","guid":{"rendered":"https:\/\/www.cabinet-elipsy.fr\/?page_id=314"},"modified":"2026-04-12T13:48:55","modified_gmt":"2026-04-12T11:48:55","slug":"centre-agree-tests-psychotechniques","status":"publish","type":"page","link":"https:\/\/www.cabinet-elipsy.fr\/?page_id=314","title":{"rendered":"Centre agr\u00e9\u00e9 &#8211; Tests psychotechniques"},"content":{"rendered":"\n<div style=\"height:17px\" aria-hidden=\"true\" class=\"wp-block-spacer\"><\/div>\n\n\n\n<div class=\"wp-block-group alignfull is-style-section-3 has-global-padding is-layout-constrained wp-container-core-group-is-layout-ebee8dc1 wp-block-group-is-layout-constrained has-background is-style-section-3--1\" style=\"margin-top:0;margin-bottom:0;padding-top:var(--wp--preset--spacing--50);padding-bottom:var(--wp--preset--spacing--50);background-image:url(&apos;https:\/\/www.cabinet-elipsy.fr\/wp-content\/uploads\/2025\/09\/wave-2105989_1280-2.png&apos;);background-position:44% 99%;background-size:cover;background-attachment:scroll;\">\n<h2 class=\"wp-block-heading alignwide has-text-align-center\"><strong>PASSATION DE TESTS PSYCHOTECHNIQUES AVEC UN PSYCHOLOGUE AGR\u00c9\u00c9<\/strong> <\/h2>\n\n\n\n<div class=\"wp-block-columns alignwide is-layout-flex wp-container-core-columns-is-layout-28f84493 wp-block-columns-is-layout-flex\">\n<div class=\"wp-block-column is-layout-flow wp-block-column-is-layout-flow\">\n<figure class=\"wp-block-image aligncenter size-full is-resized\"><a href=\"https:\/\/www.doctolib.fr\/psychologue\/le-pontet\/elisa-ratinet\/booking\/motives?specialityId=14&amp;telehealth=false&amp;placeId=practice-732155&amp;motiveCategoryIds%5B%5D=503145&amp;source=profile\"><img loading=\"lazy\" decoding=\"async\" width=\"768\" height=\"512\" src=\"https:\/\/www.cabinet-elipsy.fr\/wp-content\/uploads\/2026\/02\/PERMIS.png\" alt=\"\" class=\"wp-image-316\" style=\"width:399px;height:auto\" srcset=\"https:\/\/www.cabinet-elipsy.fr\/wp-content\/uploads\/2026\/02\/PERMIS.png 768w, https:\/\/www.cabinet-elipsy.fr\/wp-content\/uploads\/2026\/02\/PERMIS-300x200.png 300w\" sizes=\"auto, (max-width: 768px) 100vw, 768px\" \/><\/a><\/figure>\n<\/div>\n\n\n\n<div class=\"wp-block-column is-layout-flow wp-block-column-is-layout-flow\">\n<p class=\"has-text-align-center\"><strong>Possibilit\u00e9 de prendre RDV en ligne <a href=\"https:\/\/www.doctolib.fr\/psychologue\/le-pontet\/elisa-ratinet\/booking\/motives?specialityId=14&amp;telehealth=false&amp;placeId=practice-732155&amp;motiveCategoryIds%5B%5D=503145&amp;source=profile\" type=\"link\" id=\"https:\/\/www.doctolib.fr\/psychologue\/le-pontet\/elisa-ratinet\/booking\/motives?specialityId=14&amp;telehealth=false&amp;placeId=practice-732155&amp;motiveCategoryIds%5B%5D=503145&amp;source=profile\">via Doctolib<\/a> pour passer des tests psychotechniques. <\/strong><\/p>\n\n\n\n<p class=\"has-text-align-center\"><strong><em>Motifs de consultation :<\/em><\/strong><\/p>\n\n\n\n<ul class=\"wp-block-list\">\n<li>Permis de conduire (suspension, invalidation ou annulation)<\/li>\n\n\n\n<li>Raison m\u00e9dicale <\/li>\n\n\n\n<li>Aptitude professionnelle<\/li>\n<\/ul>\n<\/div>\n<\/div>\n<\/div>\n\n\n\n<div class=\"wp-block-group alignfull has-global-padding is-layout-constrained wp-block-group-is-layout-constrained\" style=\"margin-top:0;margin-bottom:0;padding-top:var(--wp--preset--spacing--60);padding-bottom:var(--wp--preset--spacing--60)\">\n<h2 class=\"wp-block-heading alignwide has-text-align-center\">Tarifs<\/h2>\n\n\n\n<div class=\"wp-block-columns alignwide is-layout-flex wp-container-core-columns-is-layout-1d9f35bd wp-block-columns-is-layout-flex\">\n<div class=\"wp-block-column is-style-section-5 has-border-color has-custom-fond-bouton-background-color has-background is-layout-flow wp-block-column-is-layout-flow is-style-section-5--2\" style=\"border-color:var(--wp--preset--color--accent-6);border-width:1px;border-radius:10px;padding-top:var(--wp--preset--spacing--50);padding-right:var(--wp--preset--spacing--50);padding-bottom:var(--wp--preset--spacing--50);padding-left:var(--wp--preset--spacing--50)\">\n<h3 class=\"wp-block-heading has-text-align-center has-contrast-color has-text-color has-link-color wp-elements-92134f125045e46fc7e12d6fc46b1db7\" id=\"single\">90 \u20ac Nets<\/h3>\n\n\n\n<ul style=\"padding-bottom:var(--wp--preset--spacing--20);padding-left:var(--wp--preset--spacing--20)\" class=\"wp-block-list is-style-checkmark-list has-small-font-size\">\n<li class=\"has-contrast-color has-text-color has-link-color wp-elements-edde2a69413d98aa894854393c3cbbf7\">RDV au cabinet (Le Pontet, Vaucluse) &#8211; 45 minutes de face \u00e0 face<\/li>\n\n\n\n<li class=\"has-contrast-color has-text-color has-link-color wp-elements-96667352fc91db24eefb4568939e3876\"><strong><mark style=\"background-color:#000000;color:#f26513\" class=\"has-inline-color\">Pr\u00e9parer les \u00e9l\u00e9ments suivants<\/mark> <\/strong>: une pi\u00e8ce d\u2019identit\u00e9, tout document notifiant du retrait de permis (Invalidation : Lettre 48SI, Annulation administrative : lettre 44, Annulation judiciaire : lettre 7, Suspension : lettre 3F)<\/li>\n\n\n\n<li class=\"has-contrast-color has-text-color has-link-color wp-elements-fd12487d084b86b8a9a8656065efcbaf\">En conformit\u00e9 avec la r\u00e9glementation en vigueur (enregistrement en pr\u00e9fecture du Vaucluse)<\/li>\n\n\n\n<li class=\"has-contrast-color has-text-color has-link-color wp-elements-5229d22db4a1bbf4fe8fa8bc601a3dcd\">Paiement sur place (carte bancaire, ch\u00e8ques, esp\u00e8ces) <\/li>\n\n\n\n<li class=\"has-contrast-color has-text-color has-link-color wp-elements-527920bdf2337a8b59be3085caa3e3ec\">Envoi des r\u00e9sultats sous 48h maximum<\/li>\n<\/ul>\n\n\n\n<div class=\"wp-block-buttons is-content-justification-center is-layout-flex wp-container-core-buttons-is-layout-a89b3969 wp-block-buttons-is-layout-flex\">\n<div class=\"wp-block-button has-custom-width wp-block-button__width-100\"><a class=\"wp-block-button__link has-accent-1-background-color has-background wp-element-button\" href=\"https:\/\/www.doctolib.fr\/psychologue\/le-pontet\/elisa-ratinet\" target=\"_blank\" rel=\"noreferrer noopener\">Prise de rdv via doctolib <\/a><\/div>\n<\/div>\n<\/div>\n<\/div>\n<\/div>\n\n\n\n<p class=\"has-text-align-center\"><a style=\"display:block;text-align:center;background-color:#0596DE;color:#ffffff;font-size:14px;overflow:hidden;width:257px;height:40px;border-bottom-right-radius:none;border-bottom-left-radius:none;position:fixed;bottom:0;left:5px;z-index:1000;border-top-left-radius:4px;border-top-right-radius:4px;line-height:40px\" data-reactroot=\"\" href=\"https:\/\/www.doctolib.fr\/psychologue\/le-pontet\/elisa-ratinet\" target=\"_blank\"><span style=\"font-size:13px\">Prendre rendez-vous en ligne<\/span><img decoding=\"async\" style=\"height:15px;margin-bottom:3px;vertical-align:middle;width:auto\" src=\"https:\/\/www.doctolib.fr\/external_button\/doctolib-white-transparent.png\" alt=\"Doctolib\"><\/a><\/p>\n\n\n\n<p><\/p>\n","protected":false},"excerpt":{"rendered":"<p>PASSATION DE TESTS PSYCHOTECHNIQUES AVEC UN PSYCHOLOGUE AGR\u00c9\u00c9 Possibilit\u00e9 de prendre RDV en ligne via Doctolib pour passer des tests psychotechniques. Motifs de consultation : Tarifs 90 \u20ac Nets Prendre rendez-vous en ligne<\/p>\n","protected":false},"author":1,"featured_media":0,"parent":0,"menu_order":0,"comment_status":"closed","ping_status":"closed","template":"","meta":{"footnotes":""},"class_list":["post-314","page","type-page","status-publish","hentry"],"yoast_head":"<!-- This site is optimized with the Yoast SEO plugin v27.3 - https:\/\/yoast.com\/product\/yoast-seo-wordpress\/ -->\n<title>Tests psychotechniques permis de conduire Le pontet Vaucluse<\/title>\n<meta name=\"robots\" content=\"index, follow, max-snippet:-1, max-image-preview:large, max-video-preview:-1\" \/>\n<link rel=\"canonical\" href=\"https:\/\/www.cabinet-elipsy.fr\/?page_id=314\" \/>\n<meta property=\"og:locale\" content=\"fr_FR\" \/>\n<meta property=\"og:type\" content=\"article\" \/>\n<meta property=\"og:title\" content=\"Tests psychotechniques permis de conduire Le pontet Vaucluse\" \/>\n<meta property=\"og:description\" content=\"PASSATION DE TESTS PSYCHOTECHNIQUES AVEC UN PSYCHOLOGUE AGR\u00c9\u00c9 Possibilit\u00e9 de prendre RDV en ligne via Doctolib pour passer des tests psychotechniques. Motifs de consultation : Tarifs 90 \u20ac Nets Prendre rendez-vous en ligne\" \/>\n<meta property=\"og:url\" content=\"https:\/\/www.cabinet-elipsy.fr\/?page_id=314\" \/>\n<meta property=\"og:site_name\" content=\"Cabinet Eli&#039;Psy\" \/>\n<meta property=\"article:publisher\" content=\"https:\/\/www.facebook.com\/cabinetelipsy\/\" \/>\n<meta property=\"article:modified_time\" content=\"2026-04-12T11:48:55+00:00\" \/>\n<meta property=\"og:image\" content=\"https:\/\/www.cabinet-elipsy.fr\/wp-content\/uploads\/2026\/02\/PERMIS.png\" \/>\n\t<meta property=\"og:image:width\" content=\"768\" \/>\n\t<meta property=\"og:image:height\" content=\"512\" \/>\n\t<meta property=\"og:image:type\" content=\"image\/png\" \/>\n<meta name=\"twitter:card\" content=\"summary_large_image\" \/>\n<meta name=\"twitter:label1\" content=\"Dur\u00e9e de lecture estim\u00e9e\" \/>\n\t<meta name=\"twitter:data1\" content=\"1 minute\" \/>\n<script type=\"application\/ld+json\" class=\"yoast-schema-graph\">{\"@context\":\"https:\\\/\\\/schema.org\",\"@graph\":[{\"@type\":\"WebPage\",\"@id\":\"https:\\\/\\\/www.cabinet-elipsy.fr\\\/?page_id=314\",\"url\":\"https:\\\/\\\/www.cabinet-elipsy.fr\\\/?page_id=314\",\"name\":\"Tests psychotechniques permis de conduire Le pontet Vaucluse\",\"isPartOf\":{\"@id\":\"https:\\\/\\\/www.cabinet-elipsy.fr\\\/#website\"},\"primaryImageOfPage\":{\"@id\":\"https:\\\/\\\/www.cabinet-elipsy.fr\\\/?page_id=314#primaryimage\"},\"image\":{\"@id\":\"https:\\\/\\\/www.cabinet-elipsy.fr\\\/?page_id=314#primaryimage\"},\"thumbnailUrl\":\"https:\\\/\\\/www.cabinet-elipsy.fr\\\/wp-content\\\/uploads\\\/2026\\\/02\\\/PERMIS.png\",\"datePublished\":\"2026-02-15T19:19:55+00:00\",\"dateModified\":\"2026-04-12T11:48:55+00:00\",\"breadcrumb\":{\"@id\":\"https:\\\/\\\/www.cabinet-elipsy.fr\\\/?page_id=314#breadcrumb\"},\"inLanguage\":\"fr-FR\",\"potentialAction\":[{\"@type\":\"ReadAction\",\"target\":[\"https:\\\/\\\/www.cabinet-elipsy.fr\\\/?page_id=314\"]}]},{\"@type\":\"ImageObject\",\"inLanguage\":\"fr-FR\",\"@id\":\"https:\\\/\\\/www.cabinet-elipsy.fr\\\/?page_id=314#primaryimage\",\"url\":\"https:\\\/\\\/www.cabinet-elipsy.fr\\\/wp-content\\\/uploads\\\/2026\\\/02\\\/PERMIS.png\",\"contentUrl\":\"https:\\\/\\\/www.cabinet-elipsy.fr\\\/wp-content\\\/uploads\\\/2026\\\/02\\\/PERMIS.png\",\"width\":768,\"height\":512},{\"@type\":\"BreadcrumbList\",\"@id\":\"https:\\\/\\\/www.cabinet-elipsy.fr\\\/?page_id=314#breadcrumb\",\"itemListElement\":[{\"@type\":\"ListItem\",\"position\":1,\"name\":\"Accueil\",\"item\":\"https:\\\/\\\/www.cabinet-elipsy.fr\\\/\"},{\"@type\":\"ListItem\",\"position\":2,\"name\":\"Centre agr\u00e9\u00e9 &#8211; Tests psychotechniques\"}]},{\"@type\":\"WebSite\",\"@id\":\"https:\\\/\\\/www.cabinet-elipsy.fr\\\/#website\",\"url\":\"https:\\\/\\\/www.cabinet-elipsy.fr\\\/\",\"name\":\"Cabinet Eli'Psy psychologue du travail\",\"description\":\"Psychologue du travail sant\u00e9 mentale au travail burnout qvct rps handicap\",\"publisher\":{\"@id\":\"https:\\\/\\\/www.cabinet-elipsy.fr\\\/#organization\"},\"potentialAction\":[{\"@type\":\"SearchAction\",\"target\":{\"@type\":\"EntryPoint\",\"urlTemplate\":\"https:\\\/\\\/www.cabinet-elipsy.fr\\\/?s={search_term_string}\"},\"query-input\":{\"@type\":\"PropertyValueSpecification\",\"valueRequired\":true,\"valueName\":\"search_term_string\"}}],\"inLanguage\":\"fr-FR\"},{\"@type\":\"Organization\",\"@id\":\"https:\\\/\\\/www.cabinet-elipsy.fr\\\/#organization\",\"name\":\"Eli'Psy\",\"url\":\"https:\\\/\\\/www.cabinet-elipsy.fr\\\/\",\"logo\":{\"@type\":\"ImageObject\",\"inLanguage\":\"fr-FR\",\"@id\":\"https:\\\/\\\/www.cabinet-elipsy.fr\\\/#\\\/schema\\\/logo\\\/image\\\/\",\"url\":\"https:\\\/\\\/www.cabinet-elipsy.fr\\\/wp-content\\\/uploads\\\/2025\\\/09\\\/Illustration_sans_titre2-removebg-preview.png\",\"contentUrl\":\"https:\\\/\\\/www.cabinet-elipsy.fr\\\/wp-content\\\/uploads\\\/2025\\\/09\\\/Illustration_sans_titre2-removebg-preview.png\",\"width\":619,\"height\":403,\"caption\":\"Eli'Psy\"},\"image\":{\"@id\":\"https:\\\/\\\/www.cabinet-elipsy.fr\\\/#\\\/schema\\\/logo\\\/image\\\/\"},\"sameAs\":[\"https:\\\/\\\/www.facebook.com\\\/cabinetelipsy\\\/\",\"https:\\\/\\\/www.instagram.com\\\/cabinet.elipsy\\\/\"]}]}<\/script>\n<!-- \/ Yoast SEO plugin. -->","yoast_head_json":{"title":"Tests psychotechniques permis de conduire Le pontet Vaucluse","robots":{"index":"index","follow":"follow","max-snippet":"max-snippet:-1","max-image-preview":"max-image-preview:large","max-video-preview":"max-video-preview:-1"},"canonical":"https:\/\/www.cabinet-elipsy.fr\/?page_id=314","og_locale":"fr_FR","og_type":"article","og_title":"Tests psychotechniques permis de conduire Le pontet Vaucluse","og_description":"PASSATION DE TESTS PSYCHOTECHNIQUES AVEC UN PSYCHOLOGUE AGR\u00c9\u00c9 Possibilit\u00e9 de prendre RDV en ligne via Doctolib pour passer des tests psychotechniques. Motifs de consultation : Tarifs 90 \u20ac Nets Prendre rendez-vous en ligne","og_url":"https:\/\/www.cabinet-elipsy.fr\/?page_id=314","og_site_name":"Cabinet Eli&#039;Psy","article_publisher":"https:\/\/www.facebook.com\/cabinetelipsy\/","article_modified_time":"2026-04-12T11:48:55+00:00","og_image":[{"width":768,"height":512,"url":"https:\/\/www.cabinet-elipsy.fr\/wp-content\/uploads\/2026\/02\/PERMIS.png","type":"image\/png"}],"twitter_card":"summary_large_image","twitter_misc":{"Dur\u00e9e de lecture estim\u00e9e":"1 minute"},"schema":{"@context":"https:\/\/schema.org","@graph":[{"@type":"WebPage","@id":"https:\/\/www.cabinet-elipsy.fr\/?page_id=314","url":"https:\/\/www.cabinet-elipsy.fr\/?page_id=314","name":"Tests psychotechniques permis de conduire Le pontet Vaucluse","isPartOf":{"@id":"https:\/\/www.cabinet-elipsy.fr\/#website"},"primaryImageOfPage":{"@id":"https:\/\/www.cabinet-elipsy.fr\/?page_id=314#primaryimage"},"image":{"@id":"https:\/\/www.cabinet-elipsy.fr\/?page_id=314#primaryimage"},"thumbnailUrl":"https:\/\/www.cabinet-elipsy.fr\/wp-content\/uploads\/2026\/02\/PERMIS.png","datePublished":"2026-02-15T19:19:55+00:00","dateModified":"2026-04-12T11:48:55+00:00","breadcrumb":{"@id":"https:\/\/www.cabinet-elipsy.fr\/?page_id=314#breadcrumb"},"inLanguage":"fr-FR","potentialAction":[{"@type":"ReadAction","target":["https:\/\/www.cabinet-elipsy.fr\/?page_id=314"]}]},{"@type":"ImageObject","inLanguage":"fr-FR","@id":"https:\/\/www.cabinet-elipsy.fr\/?page_id=314#primaryimage","url":"https:\/\/www.cabinet-elipsy.fr\/wp-content\/uploads\/2026\/02\/PERMIS.png","contentUrl":"https:\/\/www.cabinet-elipsy.fr\/wp-content\/uploads\/2026\/02\/PERMIS.png","width":768,"height":512},{"@type":"BreadcrumbList","@id":"https:\/\/www.cabinet-elipsy.fr\/?page_id=314#breadcrumb","itemListElement":[{"@type":"ListItem","position":1,"name":"Accueil","item":"https:\/\/www.cabinet-elipsy.fr\/"},{"@type":"ListItem","position":2,"name":"Centre agr\u00e9\u00e9 &#8211; Tests psychotechniques"}]},{"@type":"WebSite","@id":"https:\/\/www.cabinet-elipsy.fr\/#website","url":"https:\/\/www.cabinet-elipsy.fr\/","name":"Cabinet Eli'Psy psychologue du travail","description":"Psychologue du travail sant\u00e9 mentale au travail burnout qvct rps handicap","publisher":{"@id":"https:\/\/www.cabinet-elipsy.fr\/#organization"},"potentialAction":[{"@type":"SearchAction","target":{"@type":"EntryPoint","urlTemplate":"https:\/\/www.cabinet-elipsy.fr\/?s={search_term_string}"},"query-input":{"@type":"PropertyValueSpecification","valueRequired":true,"valueName":"search_term_string"}}],"inLanguage":"fr-FR"},{"@type":"Organization","@id":"https:\/\/www.cabinet-elipsy.fr\/#organization","name":"Eli'Psy","url":"https:\/\/www.cabinet-elipsy.fr\/","logo":{"@type":"ImageObject","inLanguage":"fr-FR","@id":"https:\/\/www.cabinet-elipsy.fr\/#\/schema\/logo\/image\/","url":"https:\/\/www.cabinet-elipsy.fr\/wp-content\/uploads\/2025\/09\/Illustration_sans_titre2-removebg-preview.png","contentUrl":"https:\/\/www.cabinet-elipsy.fr\/wp-content\/uploads\/2025\/09\/Illustration_sans_titre2-removebg-preview.png","width":619,"height":403,"caption":"Eli'Psy"},"image":{"@id":"https:\/\/www.cabinet-elipsy.fr\/#\/schema\/logo\/image\/"},"sameAs":["https:\/\/www.facebook.com\/cabinetelipsy\/","https:\/\/www.instagram.com\/cabinet.elipsy\/"]}]}},"_links":{"self":[{"href":"https:\/\/www.cabinet-elipsy.fr\/index.php?rest_route=\/wp\/v2\/pages\/314","targetHints":{"allow":["GET"]}}],"collection":[{"href":"https:\/\/www.cabinet-elipsy.fr\/index.php?rest_route=\/wp\/v2\/pages"}],"about":[{"href":"https:\/\/www.cabinet-elipsy.fr\/index.php?rest_route=\/wp\/v2\/types\/page"}],"author":[{"embeddable":true,"href":"https:\/\/www.cabinet-elipsy.fr\/index.php?rest_route=\/wp\/v2\/users\/1"}],"replies":[{"embeddable":true,"href":"https:\/\/www.cabinet-elipsy.fr\/index.php?rest_route=%2Fwp%2Fv2%2Fcomments&post=314"}],"version-history":[{"count":10,"href":"https:\/\/www.cabinet-elipsy.fr\/index.php?rest_route=\/wp\/v2\/pages\/314\/revisions"}],"predecessor-version":[{"id":345,"href":"https:\/\/www.cabinet-elipsy.fr\/index.php?rest_route=\/wp\/v2\/pages\/314\/revisions\/345"}],"wp:attachment":[{"href":"https:\/\/www.cabinet-elipsy.fr\/index.php?rest_route=%2Fwp%2Fv2%2Fmedia&parent=314"}],"curies":[{"name":"wp","href":"https:\/\/api.w.org\/{rel}","templated":true}]}}