{"id":216,"date":"2025-11-13T17:44:41","date_gmt":"2025-11-13T16:44:41","guid":{"rendered":"https:\/\/www.cabinet-elipsy.fr\/?page_id=216"},"modified":"2025-11-16T18:16:26","modified_gmt":"2025-11-16T17:16:26","slug":"qui-se-cache-derriere-elipsy","status":"publish","type":"page","link":"https:\/\/www.cabinet-elipsy.fr\/?page_id=216","title":{"rendered":"Qui se cache derri\u00e8re Eli&rsquo;Psy ?"},"content":{"rendered":"\n<p class=\"has-text-align-left has-base-background-color has-background\" style=\"margin-top:0;margin-right:0;margin-bottom:0;margin-left:0\">Je suis psychologue du travail, dipl\u00f4m\u00e9e d\u2019un Master 2 en psychologie sociale, du travail et des organisations \u00e0 l\u2019Universit\u00e9 Paul-Val\u00e9ry de Montpellier depuis 2017.<br>Mon stage de fin d\u2019\u00e9tudes, r\u00e9alis\u00e9 au sein d\u2019un institut de recherche, m\u2019a permis de me sp\u00e9cialiser dans la <strong><mark style=\"background-color:rgba(0, 0, 0, 0);color:#f26513\" class=\"has-inline-color\">pr\u00e9vention des risques psychosociaux<\/mark> (RPS)<\/strong> et la <strong>qualit\u00e9 de vie au travail<\/strong>, aujourd\u2019hui \u00e9largie \u00e0 la <strong><mark style=\"background-color:rgba(0, 0, 0, 0);color:#f26513\" class=\"has-inline-color\">qualit\u00e9 de vie et des conditions de travail<\/mark> (QVCT)<\/strong>.<\/p>\n\n\n\n<p class=\"has-text-align-left has-base-background-color has-background\" style=\"margin-top:0;margin-right:0;margin-bottom:0;margin-left:0\">J\u2019ai d\u00e9but\u00e9 ma carri\u00e8re dans un centre hospitalier, o\u00f9 j\u2019ai pass\u00e9 deux ann\u00e9es \u00e0 mettre en \u0153uvre de mani\u00e8re op\u00e9rationnelle la politique QVT et Handicap. J\u2019y ai accompagn\u00e9 les professionnels \u00e0 travers des actions collectives et individuelles. C&rsquo;est l\u00e0 que j\u2019ai v\u00e9ritablement pris go\u00fbt \u00e0 la <strong><mark style=\"background-color:rgba(0, 0, 0, 0);color:#f26513\" class=\"has-inline-color\">sant\u00e9 au travail<\/mark><\/strong>.<\/p>\n\n\n\n<p class=\"has-text-align-left has-base-background-color has-background\" style=\"margin-top:0;margin-right:0;margin-bottom:0;margin-left:0\">Par la suite, j\u2019ai travaill\u00e9 pendant cinq ans dans une association pour l\u2019emploi en agriculture. Cette exp\u00e9rience m\u2019a permis d\u2019\u00e9largir ma vision du monde professionnel et de mesurer l\u2019importance d\u2019agir \u00e0 plusieurs niveaux : aupr\u00e8s des <strong><mark style=\"background-color:rgba(0, 0, 0, 0);color:#f26513\" class=\"has-inline-color\">entreprises<\/mark><\/strong>, des <mark style=\"background-color:rgba(0, 0, 0, 0);color:#f26513\" class=\"has-inline-color\"><strong>organismes de formation<\/strong> <\/mark>et des <strong><mark style=\"background-color:rgba(0, 0, 0, 0);color:#f26513\" class=\"has-inline-color\">particuliers<\/mark><\/strong>. Cette exp\u00e9rience m\u2019a montr\u00e9 qu\u2019un accompagnement pertinent doit s\u2019appuyer sur diff\u00e9rents leviers.<\/p>\n\n\n\n<p class=\"has-text-align-left has-base-background-color has-background\" style=\"margin-top:0;margin-right:0;margin-bottom:0;margin-left:0\">Au fil de ces exp\u00e9riences, j\u2019ai ressenti le besoin de <strong><mark style=\"background-color:rgba(0, 0, 0, 0);color:#f26513\" class=\"has-inline-color\">redonner du sens \u00e0 mon quotidien professionnel<\/mark><\/strong> et d\u2019\u00eatre le chef d\u2019orchestre de mon propre espace de travail. C\u2019est ainsi qu\u2019est n\u00e9 le <strong><mark style=\"background-color:rgba(0, 0, 0, 0);color:#f26513\" class=\"has-inline-color\">cabinet Eli&rsquo;Psy<\/mark><\/strong>, un lieu o\u00f9 j&rsquo;ai \u00e0 c\u0153ur de vous accueillir pour <mark style=\"background-color:rgba(0, 0, 0, 0);color:#e6a3b0\" class=\"has-inline-color\"><em>mieux comprendre, pr\u00e9venir et surmonter les difficult\u00e9s li\u00e9es au travail<\/em><\/mark>.<\/p>\n","protected":false},"excerpt":{"rendered":"<p>Je suis psychologue du travail, dipl\u00f4m\u00e9e d\u2019un Master 2 en psychologie sociale, du travail et des organisations \u00e0 l\u2019Universit\u00e9 Paul-Val\u00e9ry de Montpellier depuis 2017.Mon stage de fin d\u2019\u00e9tudes, r\u00e9alis\u00e9 au sein d\u2019un institut de recherche, m\u2019a permis de me sp\u00e9cialiser dans la pr\u00e9vention des risques psychosociaux (RPS) et la qualit\u00e9 de vie au travail, aujourd\u2019hui [&hellip;]<\/p>\n","protected":false},"author":1,"featured_media":0,"parent":0,"menu_order":0,"comment_status":"closed","ping_status":"closed","template":"","meta":{"footnotes":"[]"},"class_list":["post-216","page","type-page","status-publish","hentry"],"yoast_head":"<!-- This site is optimized with the Yoast SEO plugin v27.3 - https:\/\/yoast.com\/product\/yoast-seo-wordpress\/ -->\n<title>psychologue-du-travail-le-pontet-avignon-vaucluse<\/title>\n<meta name=\"robots\" content=\"index, follow, max-snippet:-1, max-image-preview:large, max-video-preview:-1\" \/>\n<link rel=\"canonical\" href=\"https:\/\/www.cabinet-elipsy.fr\/?page_id=216\" \/>\n<meta property=\"og:locale\" content=\"fr_FR\" \/>\n<meta property=\"og:type\" content=\"article\" \/>\n<meta property=\"og:title\" content=\"psychologue-du-travail-le-pontet-avignon-vaucluse\" \/>\n<meta property=\"og:description\" content=\"Je suis psychologue du travail, dipl\u00f4m\u00e9e d\u2019un Master 2 en psychologie sociale, du travail et des organisations \u00e0 l\u2019Universit\u00e9 Paul-Val\u00e9ry de Montpellier depuis 2017.Mon stage de fin d\u2019\u00e9tudes, r\u00e9alis\u00e9 au sein d\u2019un institut de recherche, m\u2019a permis de me sp\u00e9cialiser dans la pr\u00e9vention des risques psychosociaux (RPS) et la qualit\u00e9 de vie au travail, aujourd\u2019hui [&hellip;]\" \/>\n<meta property=\"og:url\" content=\"https:\/\/www.cabinet-elipsy.fr\/?page_id=216\" \/>\n<meta property=\"og:site_name\" content=\"Cabinet Eli&#039;Psy\" \/>\n<meta property=\"article:publisher\" content=\"https:\/\/www.facebook.com\/cabinetelipsy\/\" \/>\n<meta property=\"article:modified_time\" content=\"2025-11-16T17:16:26+00:00\" \/>\n<meta name=\"twitter:card\" content=\"summary_large_image\" \/>\n<meta name=\"twitter:label1\" content=\"Dur\u00e9e de lecture estim\u00e9e\" \/>\n\t<meta name=\"twitter:data1\" content=\"2 minutes\" \/>\n<script type=\"application\/ld+json\" class=\"yoast-schema-graph\">{\"@context\":\"https:\\\/\\\/schema.org\",\"@graph\":[{\"@type\":\"WebPage\",\"@id\":\"https:\\\/\\\/www.cabinet-elipsy.fr\\\/?page_id=216\",\"url\":\"https:\\\/\\\/www.cabinet-elipsy.fr\\\/?page_id=216\",\"name\":\"psychologue-du-travail-le-pontet-avignon-vaucluse\",\"isPartOf\":{\"@id\":\"https:\\\/\\\/www.cabinet-elipsy.fr\\\/#website\"},\"datePublished\":\"2025-11-13T16:44:41+00:00\",\"dateModified\":\"2025-11-16T17:16:26+00:00\",\"breadcrumb\":{\"@id\":\"https:\\\/\\\/www.cabinet-elipsy.fr\\\/?page_id=216#breadcrumb\"},\"inLanguage\":\"fr-FR\",\"potentialAction\":[{\"@type\":\"ReadAction\",\"target\":[\"https:\\\/\\\/www.cabinet-elipsy.fr\\\/?page_id=216\"]}]},{\"@type\":\"BreadcrumbList\",\"@id\":\"https:\\\/\\\/www.cabinet-elipsy.fr\\\/?page_id=216#breadcrumb\",\"itemListElement\":[{\"@type\":\"ListItem\",\"position\":1,\"name\":\"Accueil\",\"item\":\"https:\\\/\\\/www.cabinet-elipsy.fr\\\/\"},{\"@type\":\"ListItem\",\"position\":2,\"name\":\"Qui se cache derri\u00e8re Eli&rsquo;Psy ?\"}]},{\"@type\":\"WebSite\",\"@id\":\"https:\\\/\\\/www.cabinet-elipsy.fr\\\/#website\",\"url\":\"https:\\\/\\\/www.cabinet-elipsy.fr\\\/\",\"name\":\"Cabinet Eli'Psy psychologue du travail\",\"description\":\"Psychologue du travail sant\u00e9 mentale au travail burnout qvct rps handicap\",\"publisher\":{\"@id\":\"https:\\\/\\\/www.cabinet-elipsy.fr\\\/#organization\"},\"potentialAction\":[{\"@type\":\"SearchAction\",\"target\":{\"@type\":\"EntryPoint\",\"urlTemplate\":\"https:\\\/\\\/www.cabinet-elipsy.fr\\\/?s={search_term_string}\"},\"query-input\":{\"@type\":\"PropertyValueSpecification\",\"valueRequired\":true,\"valueName\":\"search_term_string\"}}],\"inLanguage\":\"fr-FR\"},{\"@type\":\"Organization\",\"@id\":\"https:\\\/\\\/www.cabinet-elipsy.fr\\\/#organization\",\"name\":\"Eli'Psy\",\"url\":\"https:\\\/\\\/www.cabinet-elipsy.fr\\\/\",\"logo\":{\"@type\":\"ImageObject\",\"inLanguage\":\"fr-FR\",\"@id\":\"https:\\\/\\\/www.cabinet-elipsy.fr\\\/#\\\/schema\\\/logo\\\/image\\\/\",\"url\":\"https:\\\/\\\/www.cabinet-elipsy.fr\\\/wp-content\\\/uploads\\\/2025\\\/09\\\/Illustration_sans_titre2-removebg-preview.png\",\"contentUrl\":\"https:\\\/\\\/www.cabinet-elipsy.fr\\\/wp-content\\\/uploads\\\/2025\\\/09\\\/Illustration_sans_titre2-removebg-preview.png\",\"width\":619,\"height\":403,\"caption\":\"Eli'Psy\"},\"image\":{\"@id\":\"https:\\\/\\\/www.cabinet-elipsy.fr\\\/#\\\/schema\\\/logo\\\/image\\\/\"},\"sameAs\":[\"https:\\\/\\\/www.facebook.com\\\/cabinetelipsy\\\/\",\"https:\\\/\\\/www.instagram.com\\\/cabinet.elipsy\\\/\"]}]}<\/script>\n<!-- \/ Yoast SEO plugin. -->","yoast_head_json":{"title":"psychologue-du-travail-le-pontet-avignon-vaucluse","robots":{"index":"index","follow":"follow","max-snippet":"max-snippet:-1","max-image-preview":"max-image-preview:large","max-video-preview":"max-video-preview:-1"},"canonical":"https:\/\/www.cabinet-elipsy.fr\/?page_id=216","og_locale":"fr_FR","og_type":"article","og_title":"psychologue-du-travail-le-pontet-avignon-vaucluse","og_description":"Je suis psychologue du travail, dipl\u00f4m\u00e9e d\u2019un Master 2 en psychologie sociale, du travail et des organisations \u00e0 l\u2019Universit\u00e9 Paul-Val\u00e9ry de Montpellier depuis 2017.Mon stage de fin d\u2019\u00e9tudes, r\u00e9alis\u00e9 au sein d\u2019un institut de recherche, m\u2019a permis de me sp\u00e9cialiser dans la pr\u00e9vention des risques psychosociaux (RPS) et la qualit\u00e9 de vie au travail, aujourd\u2019hui [&hellip;]","og_url":"https:\/\/www.cabinet-elipsy.fr\/?page_id=216","og_site_name":"Cabinet Eli&#039;Psy","article_publisher":"https:\/\/www.facebook.com\/cabinetelipsy\/","article_modified_time":"2025-11-16T17:16:26+00:00","twitter_card":"summary_large_image","twitter_misc":{"Dur\u00e9e de lecture estim\u00e9e":"2 minutes"},"schema":{"@context":"https:\/\/schema.org","@graph":[{"@type":"WebPage","@id":"https:\/\/www.cabinet-elipsy.fr\/?page_id=216","url":"https:\/\/www.cabinet-elipsy.fr\/?page_id=216","name":"psychologue-du-travail-le-pontet-avignon-vaucluse","isPartOf":{"@id":"https:\/\/www.cabinet-elipsy.fr\/#website"},"datePublished":"2025-11-13T16:44:41+00:00","dateModified":"2025-11-16T17:16:26+00:00","breadcrumb":{"@id":"https:\/\/www.cabinet-elipsy.fr\/?page_id=216#breadcrumb"},"inLanguage":"fr-FR","potentialAction":[{"@type":"ReadAction","target":["https:\/\/www.cabinet-elipsy.fr\/?page_id=216"]}]},{"@type":"BreadcrumbList","@id":"https:\/\/www.cabinet-elipsy.fr\/?page_id=216#breadcrumb","itemListElement":[{"@type":"ListItem","position":1,"name":"Accueil","item":"https:\/\/www.cabinet-elipsy.fr\/"},{"@type":"ListItem","position":2,"name":"Qui se cache derri\u00e8re Eli&rsquo;Psy ?"}]},{"@type":"WebSite","@id":"https:\/\/www.cabinet-elipsy.fr\/#website","url":"https:\/\/www.cabinet-elipsy.fr\/","name":"Cabinet Eli'Psy psychologue du travail","description":"Psychologue du travail sant\u00e9 mentale au travail burnout qvct rps handicap","publisher":{"@id":"https:\/\/www.cabinet-elipsy.fr\/#organization"},"potentialAction":[{"@type":"SearchAction","target":{"@type":"EntryPoint","urlTemplate":"https:\/\/www.cabinet-elipsy.fr\/?s={search_term_string}"},"query-input":{"@type":"PropertyValueSpecification","valueRequired":true,"valueName":"search_term_string"}}],"inLanguage":"fr-FR"},{"@type":"Organization","@id":"https:\/\/www.cabinet-elipsy.fr\/#organization","name":"Eli'Psy","url":"https:\/\/www.cabinet-elipsy.fr\/","logo":{"@type":"ImageObject","inLanguage":"fr-FR","@id":"https:\/\/www.cabinet-elipsy.fr\/#\/schema\/logo\/image\/","url":"https:\/\/www.cabinet-elipsy.fr\/wp-content\/uploads\/2025\/09\/Illustration_sans_titre2-removebg-preview.png","contentUrl":"https:\/\/www.cabinet-elipsy.fr\/wp-content\/uploads\/2025\/09\/Illustration_sans_titre2-removebg-preview.png","width":619,"height":403,"caption":"Eli'Psy"},"image":{"@id":"https:\/\/www.cabinet-elipsy.fr\/#\/schema\/logo\/image\/"},"sameAs":["https:\/\/www.facebook.com\/cabinetelipsy\/","https:\/\/www.instagram.com\/cabinet.elipsy\/"]}]}},"_links":{"self":[{"href":"https:\/\/www.cabinet-elipsy.fr\/index.php?rest_route=\/wp\/v2\/pages\/216","targetHints":{"allow":["GET"]}}],"collection":[{"href":"https:\/\/www.cabinet-elipsy.fr\/index.php?rest_route=\/wp\/v2\/pages"}],"about":[{"href":"https:\/\/www.cabinet-elipsy.fr\/index.php?rest_route=\/wp\/v2\/types\/page"}],"author":[{"embeddable":true,"href":"https:\/\/www.cabinet-elipsy.fr\/index.php?rest_route=\/wp\/v2\/users\/1"}],"replies":[{"embeddable":true,"href":"https:\/\/www.cabinet-elipsy.fr\/index.php?rest_route=%2Fwp%2Fv2%2Fcomments&post=216"}],"version-history":[{"count":9,"href":"https:\/\/www.cabinet-elipsy.fr\/index.php?rest_route=\/wp\/v2\/pages\/216\/revisions"}],"predecessor-version":[{"id":267,"href":"https:\/\/www.cabinet-elipsy.fr\/index.php?rest_route=\/wp\/v2\/pages\/216\/revisions\/267"}],"wp:attachment":[{"href":"https:\/\/www.cabinet-elipsy.fr\/index.php?rest_route=%2Fwp%2Fv2%2Fmedia&parent=216"}],"curies":[{"name":"wp","href":"https:\/\/api.w.org\/{rel}","templated":true}]}}