{"id":16,"date":"2025-10-12T18:24:23","date_gmt":"2025-10-12T16:24:23","guid":{"rendered":"https:\/\/cabinet-elipsy.fr\/?page_id=16"},"modified":"2025-12-05T16:43:47","modified_gmt":"2025-12-05T15:43:47","slug":"contact","status":"publish","type":"page","link":"https:\/\/www.cabinet-elipsy.fr\/?page_id=16","title":{"rendered":"Contact"},"content":{"rendered":"\n<div class=\"wp-block-buttons is-content-justification-center is-layout-flex wp-container-core-buttons-is-layout-a89b3969 wp-block-buttons-is-layout-flex\">\n<div class=\"wp-block-button is-style-outline is-style-outline--1\"><a class=\"wp-block-button__link has-base-color has-accent-3-background-color has-text-color has-background has-link-color has-large-font-size has-custom-font-size wp-element-button\"><strong>contact@cabinet-elipsy.fr  <\/strong><\/a><\/div>\n\n\n\n<div class=\"wp-block-button is-style-outline is-style-outline--2\"><a class=\"wp-block-button__link has-base-color has-accent-3-background-color has-text-color has-background has-link-color has-large-font-size has-custom-font-size wp-element-button\"><strong>07.80.90.21.42<\/strong><\/a><\/div>\n\n\n\n<div class=\"wp-block-button\"><a class=\"wp-block-button__link has-accent-3-background-color has-background wp-element-button\"><mark style=\"background-color:rgba(0, 0, 0, 0);color:#ffffff\" class=\"has-inline-color\"><strong>Espace sant\u00e9 &amp; bien-\u00eatre de l&rsquo;Oseraie<\/strong> au <strong>15 Rue des Vanniers, 84130 Le Pontet<\/strong> (parking gratuit disponible sur place)<\/mark><\/a><\/div>\n<\/div>\n\n\n<style id=\"wpforms-css-vars-86-block-6fb52206-2b4b-4317-a340-78628be0e8b4\">\n\t\t\t\t#wpforms-86.wpforms-block-6fb52206-2b4b-4317-a340-78628be0e8b4 {\n\t\t\t\t--wpforms-label-color: #000000;\n--wpforms-label-sublabel-color: color-mix(in srgb, currentColor 20%, transparent);\n--wpforms-label-error-color: rgba( 0, 0, 0, 0 );\n--wpforms-field-background-color: #f0c7a7;\n--wpforms-field-text-color: #000000;\n--wpforms-field-menu-color: color-mix(in srgb, currentColor 20%, transparent);\n--wpforms-button-background-color: #f26513;\n--wpforms-button-text-color: #000000;\n--wpforms-field-size-input-height: 43px;\n--wpforms-field-size-input-spacing: 15px;\n--wpforms-field-size-font-size: 16px;\n--wpforms-field-size-line-height: 19px;\n--wpforms-field-size-padding-h: 14px;\n--wpforms-field-size-checkbox-size: 16px;\n--wpforms-field-size-sublabel-spacing: 5px;\n--wpforms-field-size-icon-size: 1;\n--wpforms-label-size-font-size: 16px;\n--wpforms-label-size-line-height: 19px;\n--wpforms-label-size-sublabel-font-size: 14px;\n--wpforms-label-size-sublabel-line-height: 17px;\n--wpforms-button-size-font-size: 17px;\n--wpforms-button-size-height: 41px;\n--wpforms-button-size-padding-h: 15px;\n--wpforms-button-size-margin-top: 10px;\n\t\t\t}\n\t\t\t<\/style><div class=\"wpforms-container wpforms-container-full wpforms-block wpforms-block-6fb52206-2b4b-4317-a340-78628be0e8b4 wpforms-render-modern\" id=\"wpforms-86\"><form id=\"wpforms-form-86\" class=\"wpforms-validate wpforms-form wpforms-ajax-form\" data-formid=\"86\" method=\"post\" enctype=\"multipart\/form-data\" action=\"\/index.php?rest_route=%2Fwp%2Fv2%2Fpages%2F16\" data-token=\"861d1e8771b5c7afe63de9b8fac0f88e\" data-token-time=\"1778603533\"><noscript class=\"wpforms-error-noscript\">Veuillez activer JavaScript dans votre navigateur pour remplir ce formulaire.<\/noscript><div id=\"wpforms-error-noscript\" style=\"display: none;\">Veuillez activer JavaScript dans votre navigateur pour remplir ce formulaire.<\/div><div class=\"wpforms-field-container\"><div id=\"wpforms-86-field_1-container\" class=\"wpforms-field wpforms-field-text wpforms-one-third wpforms-first\" data-field-id=\"1\"><label class=\"wpforms-field-label\" for=\"wpforms-86-field_1\">Nom  <span class=\"wpforms-required-label\" aria-hidden=\"true\">*<\/span><\/label><input type=\"text\" id=\"wpforms-86-field_1\" class=\"wpforms-field-large wpforms-field-required\" name=\"wpforms[fields][1]\" placeholder=\"Votre nom\" aria-errormessage=\"wpforms-86-field_1-error\" required><\/div><div id=\"wpforms-86-field_2-container\" class=\"wpforms-field wpforms-field-text wpforms-one-third\" data-field-id=\"2\"><label class=\"wpforms-field-label\" for=\"wpforms-86-field_2\">Pr\u00e9nom <span class=\"wpforms-required-label\" aria-hidden=\"true\">*<\/span><\/label><input type=\"text\" id=\"wpforms-86-field_2\" class=\"wpforms-field-large wpforms-field-required\" name=\"wpforms[fields][2]\" placeholder=\"Votre pr\u00e9nom\" aria-errormessage=\"wpforms-86-field_2-error\" required><\/div><div id=\"wpforms-86-field_10-container\" class=\"wpforms-field wpforms-field-text wpforms-one-third\" data-field-id=\"10\"><label class=\"wpforms-field-label\" for=\"wpforms-86-field_10\">Entreprise<\/label><input type=\"text\" id=\"wpforms-86-field_10\" class=\"wpforms-field-large\" name=\"wpforms[fields][10]\" placeholder=\"Votre entreprise\" aria-errormessage=\"wpforms-86-field_10-error\" ><\/div>\t\t<div id=\"wpforms-86-field_3-container\"\n\t\t\tclass=\"wpforms-field wpforms-field-text\"\n\t\t\tdata-field-type=\"text\"\n\t\t\tdata-field-id=\"3\"\n\t\t\t>\n\t\t\t<label class=\"wpforms-field-label\" for=\"wpforms-86-field_3\" >Message Num\u00e9ro Entreprise<\/label>\n\t\t\t<input type=\"text\" id=\"wpforms-86-field_3\" class=\"wpforms-field-medium\" name=\"wpforms[fields][3]\" >\n\t\t<\/div>\n\t\t<div id=\"wpforms-86-field_6-container\" class=\"wpforms-field wpforms-field-email wpforms-one-half wpforms-first\" data-field-id=\"6\"><label class=\"wpforms-field-label\" for=\"wpforms-86-field_6\">E-mail <span class=\"wpforms-required-label\" aria-hidden=\"true\">*<\/span><\/label><input type=\"email\" id=\"wpforms-86-field_6\" class=\"wpforms-field-large wpforms-field-required\" name=\"wpforms[fields][6]\" placeholder=\"Votre e-mail\" spellcheck=\"false\" aria-errormessage=\"wpforms-86-field_6-error\" required><\/div><div id=\"wpforms-86-field_9-container\" class=\"wpforms-field wpforms-field-text wpforms-one-half\" data-field-id=\"9\"><label class=\"wpforms-field-label\" for=\"wpforms-86-field_9\">Num\u00e9ro de t\u00e9l\u00e9phone<\/label><input type=\"text\" id=\"wpforms-86-field_9\" class=\"wpforms-field-large\" name=\"wpforms[fields][9]\" placeholder=\"Votre num\u00e9ro de t\u00e9l\u00e9phone\" aria-errormessage=\"wpforms-86-field_9-error\" ><\/div><div id=\"wpforms-86-field_4-container\" class=\"wpforms-field wpforms-field-select wpforms-field-select-style-classic\" data-field-id=\"4\"><label class=\"wpforms-field-label\" for=\"wpforms-86-field_4\">Sujet du message <span class=\"wpforms-required-label\" aria-hidden=\"true\">*<\/span><\/label><select id=\"wpforms-86-field_4\" class=\"wpforms-field-large wpforms-field-required\" name=\"wpforms[fields][4]\" required=\"required\"><option value=\"\" class=\"placeholder\" disabled  selected='selected'>&#8212; S\u00e9lectionner un choix &#8212;<\/option><option value=\"S\u00e9ance de psychologie en lien avec le travail \/ les \u00e9tudes\"  class=\"choice-1 depth-1\"  >S\u00e9ance de psychologie en lien avec le travail \/ les \u00e9tudes<\/option><option value=\"Bilan de comp\u00e9tences ou d&#039;orientation\"  class=\"choice-2 depth-1\"  >Bilan de comp\u00e9tences ou d&rsquo;orientation<\/option><option value=\"Diagnostic organisationnel\"  class=\"choice-3 depth-1\"  >Diagnostic organisationnel<\/option><option value=\"Action de formation\"  class=\"choice-4 depth-1\"  >Action de formation<\/option><option value=\"Autres\"  class=\"choice-5 depth-1\"  >Autres<\/option><\/select><\/div><div id=\"wpforms-86-field_5-container\" class=\"wpforms-field wpforms-field-textarea\" data-field-id=\"5\"><label class=\"wpforms-field-label\" for=\"wpforms-86-field_5\">Message <span class=\"wpforms-required-label\" aria-hidden=\"true\">*<\/span><\/label><textarea id=\"wpforms-86-field_5\" class=\"wpforms-field-large wpforms-field-required\" name=\"wpforms[fields][5]\" aria-errormessage=\"wpforms-86-field_5-error\" required><\/textarea><\/div><script>\n\t\t\t\t( function() {\n\t\t\t\t\tconst style = document.createElement( 'style' );\n\t\t\t\t\tstyle.appendChild( document.createTextNode( '#wpforms-86-field_3-container { position: absolute !important; overflow: hidden !important; display: inline !important; height: 1px !important; width: 1px !important; z-index: -1000 !important; padding: 0 !important; } #wpforms-86-field_3-container input { visibility: hidden; } #wpforms-conversational-form-page #wpforms-86-field_3-container label { counter-increment: none; }' ) );\n\t\t\t\t\tdocument.head.appendChild( style );\n\t\t\t\t\tdocument.currentScript?.remove();\n\t\t\t\t} )();\n\t\t\t<\/script><\/div><!-- .wpforms-field-container --><div class=\"wpforms-recaptcha-container wpforms-is-turnstile\" ><div class=\"wpforms-turnstile\" data-sitekey=\"0x4AAAAAAB6LeAdAkaWT8_yA\" data-action=\"FormID-86\"><\/div><input type=\"text\" name=\"g-recaptcha-hidden\" class=\"wpforms-recaptcha-hidden\" style=\"position:absolute!important;clip:rect(0,0,0,0)!important;height:1px!important;width:1px!important;border:0!important;overflow:hidden!important;padding:0!important;margin:0!important;\" data-rule-turnstile=\"1\"><\/div><div class=\"wpforms-submit-container\" ><input type=\"hidden\" name=\"wpforms[id]\" value=\"86\"><input type=\"hidden\" name=\"page_title\" value=\"\"><input type=\"hidden\" name=\"page_url\" value=\"https:\/\/www.cabinet-elipsy.fr\/index.php?rest_route=\/wp\/v2\/pages\/16\"><input type=\"hidden\" name=\"url_referer\" value=\"\"><button type=\"submit\" name=\"wpforms[submit]\" id=\"wpforms-submit-86\" class=\"wpforms-submit\" data-alt-text=\"Envoi...\" data-submit-text=\"Envoyer\" aria-live=\"assertive\" value=\"wpforms-submit\">Envoyer<\/button><img loading=\"lazy\" decoding=\"async\" src=\"https:\/\/www.cabinet-elipsy.fr\/wp-content\/plugins\/wpforms-lite\/assets\/images\/submit-spin.svg\" class=\"wpforms-submit-spinner\" style=\"display: none;\" width=\"26\" height=\"26\" alt=\"Chargement en cours\"><\/div><\/form><\/div>  <!-- .wpforms-container -->\n\n\n<ul class=\"wp-block-social-links aligncenter has-large-icon-size is-layout-flex wp-block-social-links-is-layout-flex\"><li class=\"wp-social-link wp-social-link-instagram  wp-block-social-link\"><a href=\"https:\/\/www.instagram.com\/cabinet.elipsy\/\" class=\"wp-block-social-link-anchor\"><svg width=\"24\" height=\"24\" viewBox=\"0 0 24 24\" version=\"1.1\" xmlns=\"http:\/\/www.w3.org\/2000\/svg\" aria-hidden=\"true\" focusable=\"false\"><path d=\"M12,4.622c2.403,0,2.688,0.009,3.637,0.052c0.877,0.04,1.354,0.187,1.671,0.31c0.42,0.163,0.72,0.358,1.035,0.673 c0.315,0.315,0.51,0.615,0.673,1.035c0.123,0.317,0.27,0.794,0.31,1.671c0.043,0.949,0.052,1.234,0.052,3.637 s-0.009,2.688-0.052,3.637c-0.04,0.877-0.187,1.354-0.31,1.671c-0.163,0.42-0.358,0.72-0.673,1.035 c-0.315,0.315-0.615,0.51-1.035,0.673c-0.317,0.123-0.794,0.27-1.671,0.31c-0.949,0.043-1.233,0.052-3.637,0.052 s-2.688-0.009-3.637-0.052c-0.877-0.04-1.354-0.187-1.671-0.31c-0.42-0.163-0.72-0.358-1.035-0.673 c-0.315-0.315-0.51-0.615-0.673-1.035c-0.123-0.317-0.27-0.794-0.31-1.671C4.631,14.688,4.622,14.403,4.622,12 s0.009-2.688,0.052-3.637c0.04-0.877,0.187-1.354,0.31-1.671c0.163-0.42,0.358-0.72,0.673-1.035 c0.315-0.315,0.615-0.51,1.035-0.673c0.317-0.123,0.794-0.27,1.671-0.31C9.312,4.631,9.597,4.622,12,4.622 M12,3 C9.556,3,9.249,3.01,8.289,3.054C7.331,3.098,6.677,3.25,6.105,3.472C5.513,3.702,5.011,4.01,4.511,4.511 c-0.5,0.5-0.808,1.002-1.038,1.594C3.25,6.677,3.098,7.331,3.054,8.289C3.01,9.249,3,9.556,3,12c0,2.444,0.01,2.751,0.054,3.711 c0.044,0.958,0.196,1.612,0.418,2.185c0.23,0.592,0.538,1.094,1.038,1.594c0.5,0.5,1.002,0.808,1.594,1.038 c0.572,0.222,1.227,0.375,2.185,0.418C9.249,20.99,9.556,21,12,21s2.751-0.01,3.711-0.054c0.958-0.044,1.612-0.196,2.185-0.418 c0.592-0.23,1.094-0.538,1.594-1.038c0.5-0.5,0.808-1.002,1.038-1.594c0.222-0.572,0.375-1.227,0.418-2.185 C20.99,14.751,21,14.444,21,12s-0.01-2.751-0.054-3.711c-0.044-0.958-0.196-1.612-0.418-2.185c-0.23-0.592-0.538-1.094-1.038-1.594 c-0.5-0.5-1.002-0.808-1.594-1.038c-0.572-0.222-1.227-0.375-2.185-0.418C14.751,3.01,14.444,3,12,3L12,3z M12,7.378 c-2.552,0-4.622,2.069-4.622,4.622S9.448,16.622,12,16.622s4.622-2.069,4.622-4.622S14.552,7.378,12,7.378z M12,15 c-1.657,0-3-1.343-3-3s1.343-3,3-3s3,1.343,3,3S13.657,15,12,15z M16.804,6.116c-0.596,0-1.08,0.484-1.08,1.08 s0.484,1.08,1.08,1.08c0.596,0,1.08-0.484,1.08-1.08S17.401,6.116,16.804,6.116z\"><\/path><\/svg><span class=\"wp-block-social-link-label screen-reader-text\">Instagram<\/span><\/a><\/li>\n\n<li class=\"wp-social-link wp-social-link-facebook  wp-block-social-link\"><a href=\"https:\/\/www.facebook.com\/profile.php?id=61583063072251\" class=\"wp-block-social-link-anchor\"><svg width=\"24\" height=\"24\" viewBox=\"0 0 24 24\" version=\"1.1\" xmlns=\"http:\/\/www.w3.org\/2000\/svg\" aria-hidden=\"true\" focusable=\"false\"><path d=\"M12 2C6.5 2 2 6.5 2 12c0 5 3.7 9.1 8.4 9.9v-7H7.9V12h2.5V9.8c0-2.5 1.5-3.9 3.8-3.9 1.1 0 2.2.2 2.2.2v2.5h-1.3c-1.2 0-1.6.8-1.6 1.6V12h2.8l-.4 2.9h-2.3v7C18.3 21.1 22 17 22 12c0-5.5-4.5-10-10-10z\"><\/path><\/svg><span class=\"wp-block-social-link-label screen-reader-text\">Facebook<\/span><\/a><\/li><\/ul>\n\n\n\n<p class=\"has-text-align-center\"><a style=\"display:block;text-align:center;background-color:#0596DE;color:#ffffff;font-size:14px;overflow:hidden;width:257px;height:40px;border-bottom-right-radius:none;border-bottom-left-radius:none;position:fixed;bottom:0;left:5px;z-index:1000;border-top-left-radius:4px;border-top-right-radius:4px;line-height:40px\" data-reactroot=\"\" href=\"https:\/\/www.doctolib.fr\/psychologue\/le-pontet\/elisa-ratinet\" target=\"_blank\"><span style=\"font-size:13px\">Prendre rendez-vous en ligne<\/span><img decoding=\"async\" style=\"height:15px;margin-bottom:3px;vertical-align:middle;width:auto\" src=\"https:\/\/www.doctolib.fr\/external_button\/doctolib-white-transparent.png\" alt=\"Doctolib\"><\/a><\/p>\n","protected":false},"excerpt":{"rendered":"<p>Prendre rendez-vous en ligne<\/p>\n","protected":false},"author":1,"featured_media":0,"parent":0,"menu_order":0,"comment_status":"closed","ping_status":"closed","template":"","meta":{"footnotes":""},"class_list":["post-16","page","type-page","status-publish","hentry"],"yoast_head":"<!-- This site is optimized with the Yoast SEO plugin v27.3 - https:\/\/yoast.com\/product\/yoast-seo-wordpress\/ -->\n<title>Contactez le Cabinet Eli&#039;Psy - Cabinet de psychologie du travail<\/title>\n<meta name=\"robots\" content=\"index, follow, max-snippet:-1, max-image-preview:large, max-video-preview:-1\" \/>\n<link rel=\"canonical\" href=\"https:\/\/www.cabinet-elipsy.fr\/?page_id=16\" \/>\n<meta property=\"og:locale\" content=\"fr_FR\" \/>\n<meta property=\"og:type\" content=\"article\" \/>\n<meta property=\"og:title\" content=\"Contactez le Cabinet Eli&#039;Psy - Cabinet de psychologie du travail\" \/>\n<meta property=\"og:description\" content=\"Prendre rendez-vous en ligne\" \/>\n<meta property=\"og:url\" content=\"https:\/\/www.cabinet-elipsy.fr\/?page_id=16\" \/>\n<meta property=\"og:site_name\" content=\"Cabinet Eli&#039;Psy\" \/>\n<meta property=\"article:publisher\" content=\"https:\/\/www.facebook.com\/cabinetelipsy\/\" \/>\n<meta property=\"article:modified_time\" content=\"2025-12-05T15:43:47+00:00\" \/>\n<meta property=\"og:image\" content=\"https:\/\/www.doctolib.fr\/external_button\/doctolib-white-transparent.png\" \/>\n<meta name=\"twitter:card\" content=\"summary_large_image\" \/>\n<meta name=\"twitter:label1\" content=\"Dur\u00e9e de lecture estim\u00e9e\" \/>\n\t<meta name=\"twitter:data1\" content=\"1 minute\" \/>\n<script type=\"application\/ld+json\" class=\"yoast-schema-graph\">{\"@context\":\"https:\\\/\\\/schema.org\",\"@graph\":[{\"@type\":\"WebPage\",\"@id\":\"https:\\\/\\\/www.cabinet-elipsy.fr\\\/?page_id=16\",\"url\":\"https:\\\/\\\/www.cabinet-elipsy.fr\\\/?page_id=16\",\"name\":\"Contactez le Cabinet Eli'Psy - Cabinet de psychologie du travail\",\"isPartOf\":{\"@id\":\"https:\\\/\\\/www.cabinet-elipsy.fr\\\/#website\"},\"primaryImageOfPage\":{\"@id\":\"https:\\\/\\\/www.cabinet-elipsy.fr\\\/?page_id=16#primaryimage\"},\"image\":{\"@id\":\"https:\\\/\\\/www.cabinet-elipsy.fr\\\/?page_id=16#primaryimage\"},\"thumbnailUrl\":\"https:\\\/\\\/www.doctolib.fr\\\/external_button\\\/doctolib-white-transparent.png\",\"datePublished\":\"2025-10-12T16:24:23+00:00\",\"dateModified\":\"2025-12-05T15:43:47+00:00\",\"breadcrumb\":{\"@id\":\"https:\\\/\\\/www.cabinet-elipsy.fr\\\/?page_id=16#breadcrumb\"},\"inLanguage\":\"fr-FR\",\"potentialAction\":[{\"@type\":\"ReadAction\",\"target\":[\"https:\\\/\\\/www.cabinet-elipsy.fr\\\/?page_id=16\"]}]},{\"@type\":\"ImageObject\",\"inLanguage\":\"fr-FR\",\"@id\":\"https:\\\/\\\/www.cabinet-elipsy.fr\\\/?page_id=16#primaryimage\",\"url\":\"https:\\\/\\\/www.doctolib.fr\\\/external_button\\\/doctolib-white-transparent.png\",\"contentUrl\":\"https:\\\/\\\/www.doctolib.fr\\\/external_button\\\/doctolib-white-transparent.png\"},{\"@type\":\"BreadcrumbList\",\"@id\":\"https:\\\/\\\/www.cabinet-elipsy.fr\\\/?page_id=16#breadcrumb\",\"itemListElement\":[{\"@type\":\"ListItem\",\"position\":1,\"name\":\"Accueil\",\"item\":\"https:\\\/\\\/www.cabinet-elipsy.fr\\\/\"},{\"@type\":\"ListItem\",\"position\":2,\"name\":\"Contact\"}]},{\"@type\":\"WebSite\",\"@id\":\"https:\\\/\\\/www.cabinet-elipsy.fr\\\/#website\",\"url\":\"https:\\\/\\\/www.cabinet-elipsy.fr\\\/\",\"name\":\"Cabinet Eli'Psy psychologue du travail\",\"description\":\"Psychologue du travail sant\u00e9 mentale au travail burnout qvct rps handicap\",\"publisher\":{\"@id\":\"https:\\\/\\\/www.cabinet-elipsy.fr\\\/#organization\"},\"potentialAction\":[{\"@type\":\"SearchAction\",\"target\":{\"@type\":\"EntryPoint\",\"urlTemplate\":\"https:\\\/\\\/www.cabinet-elipsy.fr\\\/?s={search_term_string}\"},\"query-input\":{\"@type\":\"PropertyValueSpecification\",\"valueRequired\":true,\"valueName\":\"search_term_string\"}}],\"inLanguage\":\"fr-FR\"},{\"@type\":\"Organization\",\"@id\":\"https:\\\/\\\/www.cabinet-elipsy.fr\\\/#organization\",\"name\":\"Eli'Psy\",\"url\":\"https:\\\/\\\/www.cabinet-elipsy.fr\\\/\",\"logo\":{\"@type\":\"ImageObject\",\"inLanguage\":\"fr-FR\",\"@id\":\"https:\\\/\\\/www.cabinet-elipsy.fr\\\/#\\\/schema\\\/logo\\\/image\\\/\",\"url\":\"https:\\\/\\\/www.cabinet-elipsy.fr\\\/wp-content\\\/uploads\\\/2025\\\/09\\\/Illustration_sans_titre2-removebg-preview.png\",\"contentUrl\":\"https:\\\/\\\/www.cabinet-elipsy.fr\\\/wp-content\\\/uploads\\\/2025\\\/09\\\/Illustration_sans_titre2-removebg-preview.png\",\"width\":619,\"height\":403,\"caption\":\"Eli'Psy\"},\"image\":{\"@id\":\"https:\\\/\\\/www.cabinet-elipsy.fr\\\/#\\\/schema\\\/logo\\\/image\\\/\"},\"sameAs\":[\"https:\\\/\\\/www.facebook.com\\\/cabinetelipsy\\\/\",\"https:\\\/\\\/www.instagram.com\\\/cabinet.elipsy\\\/\"]}]}<\/script>\n<!-- \/ Yoast SEO plugin. -->","yoast_head_json":{"title":"Contactez le Cabinet Eli'Psy - Cabinet de psychologie du travail","robots":{"index":"index","follow":"follow","max-snippet":"max-snippet:-1","max-image-preview":"max-image-preview:large","max-video-preview":"max-video-preview:-1"},"canonical":"https:\/\/www.cabinet-elipsy.fr\/?page_id=16","og_locale":"fr_FR","og_type":"article","og_title":"Contactez le Cabinet Eli'Psy - Cabinet de psychologie du travail","og_description":"Prendre rendez-vous en ligne","og_url":"https:\/\/www.cabinet-elipsy.fr\/?page_id=16","og_site_name":"Cabinet Eli&#039;Psy","article_publisher":"https:\/\/www.facebook.com\/cabinetelipsy\/","article_modified_time":"2025-12-05T15:43:47+00:00","og_image":[{"url":"https:\/\/www.doctolib.fr\/external_button\/doctolib-white-transparent.png","type":"","width":"","height":""}],"twitter_card":"summary_large_image","twitter_misc":{"Dur\u00e9e de lecture estim\u00e9e":"1 minute"},"schema":{"@context":"https:\/\/schema.org","@graph":[{"@type":"WebPage","@id":"https:\/\/www.cabinet-elipsy.fr\/?page_id=16","url":"https:\/\/www.cabinet-elipsy.fr\/?page_id=16","name":"Contactez le Cabinet Eli'Psy - Cabinet de psychologie du travail","isPartOf":{"@id":"https:\/\/www.cabinet-elipsy.fr\/#website"},"primaryImageOfPage":{"@id":"https:\/\/www.cabinet-elipsy.fr\/?page_id=16#primaryimage"},"image":{"@id":"https:\/\/www.cabinet-elipsy.fr\/?page_id=16#primaryimage"},"thumbnailUrl":"https:\/\/www.doctolib.fr\/external_button\/doctolib-white-transparent.png","datePublished":"2025-10-12T16:24:23+00:00","dateModified":"2025-12-05T15:43:47+00:00","breadcrumb":{"@id":"https:\/\/www.cabinet-elipsy.fr\/?page_id=16#breadcrumb"},"inLanguage":"fr-FR","potentialAction":[{"@type":"ReadAction","target":["https:\/\/www.cabinet-elipsy.fr\/?page_id=16"]}]},{"@type":"ImageObject","inLanguage":"fr-FR","@id":"https:\/\/www.cabinet-elipsy.fr\/?page_id=16#primaryimage","url":"https:\/\/www.doctolib.fr\/external_button\/doctolib-white-transparent.png","contentUrl":"https:\/\/www.doctolib.fr\/external_button\/doctolib-white-transparent.png"},{"@type":"BreadcrumbList","@id":"https:\/\/www.cabinet-elipsy.fr\/?page_id=16#breadcrumb","itemListElement":[{"@type":"ListItem","position":1,"name":"Accueil","item":"https:\/\/www.cabinet-elipsy.fr\/"},{"@type":"ListItem","position":2,"name":"Contact"}]},{"@type":"WebSite","@id":"https:\/\/www.cabinet-elipsy.fr\/#website","url":"https:\/\/www.cabinet-elipsy.fr\/","name":"Cabinet Eli'Psy psychologue du travail","description":"Psychologue du travail sant\u00e9 mentale au travail burnout qvct rps handicap","publisher":{"@id":"https:\/\/www.cabinet-elipsy.fr\/#organization"},"potentialAction":[{"@type":"SearchAction","target":{"@type":"EntryPoint","urlTemplate":"https:\/\/www.cabinet-elipsy.fr\/?s={search_term_string}"},"query-input":{"@type":"PropertyValueSpecification","valueRequired":true,"valueName":"search_term_string"}}],"inLanguage":"fr-FR"},{"@type":"Organization","@id":"https:\/\/www.cabinet-elipsy.fr\/#organization","name":"Eli'Psy","url":"https:\/\/www.cabinet-elipsy.fr\/","logo":{"@type":"ImageObject","inLanguage":"fr-FR","@id":"https:\/\/www.cabinet-elipsy.fr\/#\/schema\/logo\/image\/","url":"https:\/\/www.cabinet-elipsy.fr\/wp-content\/uploads\/2025\/09\/Illustration_sans_titre2-removebg-preview.png","contentUrl":"https:\/\/www.cabinet-elipsy.fr\/wp-content\/uploads\/2025\/09\/Illustration_sans_titre2-removebg-preview.png","width":619,"height":403,"caption":"Eli'Psy"},"image":{"@id":"https:\/\/www.cabinet-elipsy.fr\/#\/schema\/logo\/image\/"},"sameAs":["https:\/\/www.facebook.com\/cabinetelipsy\/","https:\/\/www.instagram.com\/cabinet.elipsy\/"]}]}},"_links":{"self":[{"href":"https:\/\/www.cabinet-elipsy.fr\/index.php?rest_route=\/wp\/v2\/pages\/16","targetHints":{"allow":["GET"]}}],"collection":[{"href":"https:\/\/www.cabinet-elipsy.fr\/index.php?rest_route=\/wp\/v2\/pages"}],"about":[{"href":"https:\/\/www.cabinet-elipsy.fr\/index.php?rest_route=\/wp\/v2\/types\/page"}],"author":[{"embeddable":true,"href":"https:\/\/www.cabinet-elipsy.fr\/index.php?rest_route=\/wp\/v2\/users\/1"}],"replies":[{"embeddable":true,"href":"https:\/\/www.cabinet-elipsy.fr\/index.php?rest_route=%2Fwp%2Fv2%2Fcomments&post=16"}],"version-history":[{"count":14,"href":"https:\/\/www.cabinet-elipsy.fr\/index.php?rest_route=\/wp\/v2\/pages\/16\/revisions"}],"predecessor-version":[{"id":306,"href":"https:\/\/www.cabinet-elipsy.fr\/index.php?rest_route=\/wp\/v2\/pages\/16\/revisions\/306"}],"wp:attachment":[{"href":"https:\/\/www.cabinet-elipsy.fr\/index.php?rest_route=%2Fwp%2Fv2%2Fmedia&parent=16"}],"curies":[{"name":"wp","href":"https:\/\/api.w.org\/{rel}","templated":true}]}}