{"id":115,"date":"2025-11-01T10:50:16","date_gmt":"2025-11-01T09:50:16","guid":{"rendered":"https:\/\/www.cabinet-elipsy.fr\/?page_id=115"},"modified":"2026-04-27T09:17:01","modified_gmt":"2026-04-27T07:17:01","slug":"accompagnement-pour-les-organisations","status":"publish","type":"page","link":"https:\/\/www.cabinet-elipsy.fr\/?page_id=115","title":{"rendered":"Accompagnement pour les entreprises"},"content":{"rendered":"\n<p class=\"has-text-align-center\">Face \u00e0 un environnement professionnel en constante \u00e9volution, les <strong>facteurs humains<\/strong> deviennent un <strong><mark style=\"background-color:rgba(0, 0, 0, 0);color:#f26513\" class=\"has-inline-color\">levier strat\u00e9gique majeur<\/mark><\/strong> de r\u00e9ussite et d\u2019adaptation dans les entreprises.<\/p>\n\n\n\n<p class=\"has-text-align-center\">En tant que <strong><mark style=\"background-color:rgba(0, 0, 0, 0);color:#e6a3b0\" class=\"has-inline-color\">psychologue du travail<\/mark><\/strong>, j\u2019accompagne les <strong>organisations et leurs collaborateurs<\/strong> sur des <mark style=\"background-color:rgba(0, 0, 0, 0);color:#f26513\" class=\"has-inline-color\">enjeux RH cl\u00e9s<\/mark> : <strong>pr\u00e9vention des risques psychosociaux<\/strong> -RPS-, <strong>qualit\u00e9 de vie et conditions de travail<\/strong> -QVCT-, <strong>gestion des Emplois et Parcours Professionnels<\/strong> &#8211;<strong>GEPP<\/strong>-, <strong>sant\u00e9 <\/strong>mentale au travail et <strong>inclusion du handicap<\/strong>.<\/p>\n\n\n\n<p class=\"has-text-align-center\"> <strong><mark style=\"background-color:rgba(0, 0, 0, 0);color:#f26513\" class=\"has-inline-color\">Coconstruisons <\/mark><\/strong>des solutions durables adapt\u00e9es<strong> <\/strong>\u00e0 vos enjeux<strong> <\/strong>! <\/p>\n\n\n\n<div style=\"height:17px\" aria-hidden=\"true\" class=\"wp-block-spacer\"><\/div>\n\n\n\n<div class=\"wp-block-group alignfull is-style-section-3 has-border-color has-accent-3-border-color has-base-background-color has-background has-global-padding is-layout-constrained wp-container-core-group-is-layout-ebee8dc1 wp-block-group-is-layout-constrained is-style-section-3--1\" style=\"border-width:18px;border-radius:58px;margin-top:0;margin-bottom:0;padding-top:var(--wp--preset--spacing--50);padding-bottom:var(--wp--preset--spacing--50)\">\n<div class=\"wp-block-columns alignwide is-layout-flex wp-container-core-columns-is-layout-28f84493 wp-block-columns-is-layout-flex\">\n<div class=\"wp-block-column is-style-default is-layout-flow wp-block-column-is-layout-flow\">\n<h1 class=\"wp-block-heading has-text-align-center\">PRESTATION DE SERVICE ET DE CONSEIL <\/h1>\n\n\n\n<div style=\"height:13px\" aria-hidden=\"true\" class=\"wp-block-spacer\"><\/div>\n\n\n\n<h3 class=\"wp-block-heading has-text-align-center is-style-text-subtitle is-style-text-subtitle--2\"><em><strong><mark style=\"background-color:rgba(0, 0, 0, 0);color:#f26513\" class=\"has-inline-color\">Un levier pour (re)penser votre strat\u00e9gie et renforcer les dynamiques collectives<\/mark><\/strong><\/em><\/h3>\n\n\n\n<p class=\"has-text-align-center has-custom-fond-bouton-background-color has-background\">Des solutions personnalis\u00e9es, adapt\u00e9es \u00e0 vos contraintes et \u00e0 votre fonctionnement. Chaque accompagnement est unique : je m\u2019adapte \u00e0 votre entreprise, pas l\u2019inverse.<\/p>\n\n\n\n<p class=\"has-text-align-center has-accent-2-background-color has-background\"><strong>Ensemble <\/strong>(d\u00e9marche participative), posons les bases des enjeux forts tels que : QVCT, RPS, Handicap, GEPP&#8230; <\/p>\n\n\n\n<p class=\"has-text-align-center has-accent-2-background-color has-background\"><strong>Objectifs :<\/strong> identifier vos leviers pour fid\u00e9liser, r\u00e9duire le turnover et l&rsquo;absent\u00e9isme, etc. <strong>Pas de solutions miracles, juste des actions en ad\u00e9quation avec votre culture d&rsquo;entreprise !<\/strong><\/p>\n\n\n\n<div style=\"height:13px\" aria-hidden=\"true\" class=\"wp-block-spacer\"><\/div>\n\n\n\n<h2 class=\"wp-block-heading has-text-align-center has-accent-3-background-color has-background\" style=\"border-radius:100px\"><strong>1.<\/strong> <strong><mark style=\"background-color:#f26513;color:#000000\" class=\"has-inline-color\">DIAGNOSTIC<\/mark><\/strong><\/h2>\n\n\n\n<p class=\"has-text-align-center has-base-background-color has-background\">Ensemble, \u00e9tablissons un \u00e9tat des lieux de votre organisation et identifions les leviers d\u2019am\u00e9lioration.<\/p>\n\n\n\n<div style=\"height:13px\" aria-hidden=\"true\" class=\"wp-block-spacer\"><\/div>\n\n\n\n<h2 class=\"wp-block-heading has-text-align-center has-accent-3-background-color has-background\" style=\"border-radius:100px\"><strong>2.<\/strong> <strong><mark style=\"background-color:#f26513;color:#000000\" class=\"has-inline-color\">MISE EN \u0152UVRE<\/mark><\/strong><\/h2>\n\n\n\n<p class=\"has-text-align-center has-base-background-color has-background\">D\u00e9finissons des actions faciles \u00e0 mettre en \u0153uvre, pertinentes par rapport \u00e0 votre fonctionnement et \u00e0 vos attentes.<\/p>\n\n\n\n<div style=\"height:13px\" aria-hidden=\"true\" class=\"wp-block-spacer\"><\/div>\n\n\n\n<h2 class=\"wp-block-heading has-text-align-center has-accent-3-background-color has-background\" style=\"border-radius:100px\"><strong>3.<\/strong> <strong><mark style=\"background-color:#f26513\" class=\"has-inline-color\">SUIVI<\/mark><\/strong><\/h2>\n\n\n\n<p class=\"has-text-align-center has-base-background-color has-background\">Assurons la p\u00e9rennit\u00e9 des changements, pour que vos actions aient un impact durable.<\/p>\n<\/div>\n\n\n\n<div class=\"wp-block-column is-layout-flow wp-block-column-is-layout-flow\">\n<h1 class=\"wp-block-heading has-text-align-center\">ACCOMPAGNEMENT SUR MESURE DES COLLABORATEURS<\/h1>\n\n\n\n<div style=\"height:13px\" aria-hidden=\"true\" class=\"wp-block-spacer\"><\/div>\n\n\n\n<h3 class=\"wp-block-heading has-text-align-center is-style-text-subtitle is-style-text-subtitle--3\"><em><mark style=\"background-color:rgba(0, 0, 0, 0);color:#f26513\" class=\"has-inline-color\">Un levier pour fid\u00e9liser les collaborateurs et favoriser leur bien-\u00eatre professionnel<\/mark><\/em><\/h3>\n\n\n\n<p class=\"has-text-align-center has-custom-fond-bouton-background-color has-background\">Pourquoi ne pas s&rsquo;appuyer sur l&rsquo;expertise d&rsquo;un psychologue du travail pour accompagner vos collaborateurs ?<\/p>\n\n\n\n<div style=\"height:13px\" aria-hidden=\"true\" class=\"wp-block-spacer\"><\/div>\n\n\n\n<h2 class=\"wp-block-heading has-text-align-center has-accent-1-background-color has-background\" style=\"border-radius:100px\"><mark style=\"background-color:#fa9200;color:#000000\" class=\"has-inline-color\"><strong>1. SOUTIEN PSYCHOLOGIQUE (S\u00e9ance individuelle ou collective)<\/strong><\/mark><\/h2>\n\n\n\n<p class=\"has-text-align-center\">Soutenez vos collaborateurs en leur offrant un espace d&rsquo;\u00e9coute en toute confidentialit\u00e9.<\/p>\n\n\n\n<div style=\"height:13px\" aria-hidden=\"true\" class=\"wp-block-spacer\"><\/div>\n\n\n\n<h2 class=\"wp-block-heading has-text-align-center has-accent-1-background-color has-background\" style=\"border-radius:100px\"><strong>2<mark style=\"background-color:#fa9200\" class=\"has-inline-color\">.<\/mark><\/strong><mark style=\"background-color:#fa9200\" class=\"has-inline-color\"><strong>\u00c9VALUATION DES COMP\u00c9TENCES (Entretien annuel, entretien professionnel, passation de tests, etc.)<\/strong><\/mark><\/h2>\n\n\n\n<p class=\"has-text-align-center\">Faites-vous appuyer par un expert de l&rsquo;\u00e9valuation dans les \u00e9tapes de carri\u00e8re cl\u00e9s de vos collaborateurs.<\/p>\n\n\n\n<div style=\"height:13px\" aria-hidden=\"true\" class=\"wp-block-spacer\"><\/div>\n\n\n\n<h2 class=\"wp-block-heading has-text-align-center has-accent-1-background-color has-background\" style=\"border-radius:100px\"><mark style=\"background-color:#fa9200\" class=\"has-inline-color\"><strong>3.<\/strong> <strong>ANALYSE DE PRATIQUES<\/strong><\/mark><\/h2>\n\n\n\n<p class=\"has-text-align-center\">Favoriser la mise en commun des exp\u00e9riences v\u00e9cues et d\u00e9velopper une r\u00e9silience collective.<\/p>\n\n\n\n<div style=\"height:13px\" aria-hidden=\"true\" class=\"wp-block-spacer\"><\/div>\n\n\n\n<h2 class=\"wp-block-heading has-text-align-center has-accent-1-background-color has-background\" style=\"border-radius:100px\"><mark style=\"background-color:#fa9200\" class=\"has-inline-color\"><strong>4.<\/strong> <strong>BILAN PROFESSIONNEL (bilan de comp\u00e9tences, bilan de carri\u00e8re, etc.)<\/strong><\/mark><\/h2>\n\n\n\n<p class=\"has-text-align-center\">Offrez \u00e0 vos collaborateurs l\u2019opportunit\u00e9 de clarifier leur parcours et leur fonctionnement, tout en renfor\u00e7ant votre marque employeur et votre attractivit\u00e9.<\/p>\n<\/div>\n\n\n\n<div class=\"wp-block-column is-layout-flow wp-block-column-is-layout-flow\">\n<h1 class=\"wp-block-heading has-text-align-center\">ACTIONS DE FORMATION ET MONT\u00c9E EN COMP\u00c9TENCES DES \u00c9QUIPES <\/h1>\n\n\n\n<div style=\"height:13px\" aria-hidden=\"true\" class=\"wp-block-spacer\"><\/div>\n\n\n\n<h3 class=\"wp-block-heading has-text-align-center is-style-text-subtitle is-style-text-subtitle--4\"><mark style=\"background-color:rgba(0, 0, 0, 0);color:#f26513\" class=\"has-inline-color\"><em>Un levier pour renforcer l\u2019engagement, stimuler la motivation et valoriser la marque employeur<\/em><\/mark><\/h3>\n\n\n\n<p class=\"has-text-align-center has-custom-fond-bouton-background-color has-background\">Ensemble, faisons un recueil de vos besoins pour pouvoir adapter mes prestations. Th\u00e9matiques : QVCT, RPS, sant\u00e9 mentale, pr\u00e9vention du burnout, leadership, handicap, etc.<\/p>\n\n\n\n<div style=\"height:13px\" aria-hidden=\"true\" class=\"wp-block-spacer\"><\/div>\n\n\n\n<h2 class=\"wp-block-heading has-text-align-center has-accent-3-background-color has-background\" style=\"border-radius:100px\"><strong>1.<\/strong> <strong><mark style=\"background-color:#f26513;color:#000000\" class=\"has-inline-color\">ACTION DE FORMATION (pr\u00e9sentiel, distanciel)<\/mark><\/strong><\/h2>\n\n\n\n<p class=\"has-text-align-center\">Au-del\u00e0 de l&rsquo;obligation l\u00e9gale, la formation (lorsqu&rsquo;elle est adapt\u00e9e aux besoins de l&rsquo;entreprise et des collaborateurs) favorise une bonne qualit\u00e9 de vie et des conditions de travail. Les formations peuvent \u00eatre en pr\u00e9sentiel (dans vos locaux ou en espace de co-working) ou en distanciel &#8211; <em>plaquette \u00e0 venir<\/em>.<\/p>\n\n\n\n<p class=\"has-text-align-center\"><strong><mark style=\"background-color:rgba(0, 0, 0, 0);color:#f26513\" class=\"has-inline-color\">Session \u00e0 venir : le 08 octobre 2026 en visioconf\u00e9rence &#8211; Formation sur les risques psychosociaux \u00e0 l&rsquo;attention des managers <\/mark><\/strong><\/p>\n\n\n\n<div style=\"height:13px\" aria-hidden=\"true\" class=\"wp-block-spacer\"><\/div>\n\n\n\n<h2 class=\"wp-block-heading has-text-align-center has-accent-3-background-color has-background\" style=\"border-radius:100px\"><strong>2.<\/strong> <strong><mark style=\"background-color:#f26513;color:#000000\" class=\"has-inline-color\">ACTION DE SENSIBILISATION ET ATELIERS TH\u00c9MATIQUES (pr\u00e9sentiel, distanciel)<\/mark><\/strong><\/h2>\n\n\n\n<p class=\"has-text-align-center\">Des actions courtes pour chaque instant de la vie de votre entreprise (team building, journ\u00e9e entreprise, etc.). <\/p>\n\n\n\n<p class=\"has-text-align-center\">Les th\u00e9matiques possibles : QVCT, RPS, Handicap, etc.<\/p>\n\n\n\n<p class=\"has-text-align-center\">Discutons de vos besoins ! <\/p>\n<\/div>\n<\/div>\n<\/div>\n\n\n\n<div class=\"wp-block-group alignfull has-global-padding is-layout-constrained wp-block-group-is-layout-constrained\" style=\"margin-top:0;margin-bottom:0;padding-top:var(--wp--preset--spacing--60);padding-bottom:var(--wp--preset--spacing--60)\">\n<h2 class=\"wp-block-heading alignwide has-text-align-center\">Tarifs<\/h2>\n\n\n\n<div class=\"wp-block-columns alignwide is-layout-flex wp-container-core-columns-is-layout-1d9f35bd wp-block-columns-is-layout-flex\">\n<div class=\"wp-block-column is-style-section-5 has-border-color has-custom-fond-bouton-background-color has-background is-layout-flow wp-block-column-is-layout-flow is-style-section-5--5\" style=\"border-color:var(--wp--preset--color--accent-6);border-width:1px;border-radius:10px;padding-top:var(--wp--preset--spacing--50);padding-right:var(--wp--preset--spacing--50);padding-bottom:var(--wp--preset--spacing--50);padding-left:var(--wp--preset--spacing--50)\">\n<h3 class=\"wp-block-heading has-contrast-color has-text-color has-link-color wp-elements-2bc52e85669f202f45c8a3753588679e\" id=\"free\">Prestation de service et de conseil<\/h3>\n\n\n\n<p class=\"has-text-align-left has-contrast-color has-text-color has-link-color wp-elements-234b67d32a579ea4e018a3793fc89ac9\">Sur devis (700 \u00e0 1000 \u20ac la journ\u00e9e) <\/p>\n\n\n\n<ul style=\"padding-bottom:var(--wp--preset--spacing--20);padding-left:var(--wp--preset--spacing--20)\" class=\"wp-block-list is-style-checkmark-list has-small-font-size\">\n<li class=\"has-contrast-color has-text-color has-link-color wp-elements-3ff5a1ddc5fbde56ab2e03a156df78ec\">Sources de financement possibles <\/li>\n\n\n\n<li class=\"has-contrast-color has-text-color has-link-color wp-elements-dd3f562e9a9bf47e57a638cc6385b935\">Calendrier adapt\u00e9 \u00e0 la r\u00e9alit\u00e9 de votre activit\u00e9<\/li>\n\n\n\n<li class=\"has-contrast-color has-text-color has-link-color wp-elements-b5a0b001b2607bc7195228f41d8d0f3f\">Coconstruction \u00e0 chaque \u00e9tape <\/li>\n\n\n\n<li class=\"has-contrast-color has-text-color has-link-color wp-elements-d224eeff262ddc2cffeb61cfb8f00a18\">Prestation sur mesure : diagnostic, accompagnement, &#8230; <\/li>\n<\/ul>\n\n\n\n<div class=\"wp-block-buttons is-content-justification-center is-layout-flex wp-container-core-buttons-is-layout-a89b3969 wp-block-buttons-is-layout-flex\">\n<div class=\"wp-block-button has-custom-width wp-block-button__width-100\"><a class=\"wp-block-button__link has-accent-1-background-color has-background wp-element-button\" href=\"https:\/\/www.cabinet-elipsy.fr\/?page_id=16\"><strong>Prenons RDV !<\/strong><\/a><\/div>\n<\/div>\n<\/div>\n\n\n\n<div class=\"wp-block-column is-style-section-5 has-border-color has-custom-fond-bouton-background-color has-background is-layout-flow wp-block-column-is-layout-flow is-style-section-5--6\" style=\"border-color:var(--wp--preset--color--accent-6);border-width:1px;border-radius:10px;padding-top:var(--wp--preset--spacing--50);padding-right:var(--wp--preset--spacing--50);padding-bottom:var(--wp--preset--spacing--50);padding-left:var(--wp--preset--spacing--50)\">\n<h3 class=\"wp-block-heading has-contrast-color has-text-color has-link-color wp-elements-af891a27b93cb2da04cacbdee5f56cfd\" id=\"single\">Accompagnement de vos collaborateurs <\/h3>\n\n\n\n<p class=\"has-contrast-color has-text-color has-link-color has-large-font-size wp-elements-23e2f8696878677e5c35857e5bc3fa7b\">Sur devis (700 \u20ac la journ\u00e9e)<\/p>\n\n\n\n<ul style=\"padding-bottom:var(--wp--preset--spacing--20);padding-left:var(--wp--preset--spacing--20)\" class=\"wp-block-list is-style-checkmark-list has-small-font-size\">\n<li class=\"has-contrast-color has-text-color has-link-color wp-elements-0ea2bb877da7eba4da49446482b45c96\">Sources de financement possibles<\/li>\n\n\n\n<li class=\"has-contrast-color has-text-color has-link-color wp-elements-dd3f562e9a9bf47e57a638cc6385b935\">Calendrier adapt\u00e9 \u00e0 la r\u00e9alit\u00e9 de votre activit\u00e9<\/li>\n<\/ul>\n\n\n\n<div class=\"wp-block-buttons is-content-justification-center is-layout-flex wp-container-core-buttons-is-layout-a89b3969 wp-block-buttons-is-layout-flex\">\n<div class=\"wp-block-button has-custom-width wp-block-button__width-100\"><a class=\"wp-block-button__link has-accent-1-background-color has-background wp-element-button\" href=\"https:\/\/www.cabinet-elipsy.fr\/?page_id=16\"><strong><strong>Prenons RDV !<\/strong><\/strong><\/a><\/div>\n<\/div>\n<\/div>\n\n\n\n<div class=\"wp-block-column is-style-section-5 has-border-color has-custom-fond-bouton-background-color has-background is-layout-flow wp-block-column-is-layout-flow is-style-section-5--7\" style=\"border-color:var(--wp--preset--color--accent-6);border-width:1px;border-radius:10px;padding-top:var(--wp--preset--spacing--50);padding-right:var(--wp--preset--spacing--50);padding-bottom:var(--wp--preset--spacing--50);padding-left:var(--wp--preset--spacing--50)\">\n<h3 class=\"wp-block-heading has-contrast-color has-text-color has-link-color wp-elements-778f0e4eee8afe079594dee7e4149daa\" id=\"single\">Actions de formation et mont\u00e9e en comp\u00e9tences des \u00e9quipes<\/h3>\n\n\n\n<p class=\"has-contrast-color has-text-color has-link-color has-large-font-size wp-elements-611dbe679cd12458222eb8f12278affd\">Sur devis (500 \u00e0 1500 \u20ac la journ\u00e9e)<\/p>\n\n\n\n<ul style=\"padding-bottom:var(--wp--preset--spacing--20);padding-left:var(--wp--preset--spacing--20)\" class=\"wp-block-list is-style-checkmark-list has-small-font-size\">\n<li class=\"has-contrast-color has-text-color has-link-color wp-elements-05ecce4b0f3c2376f6d1eedb96563e8d\">Adapt\u00e9 \u00e0 vos besoins<\/li>\n\n\n\n<li class=\"has-contrast-color has-text-color has-link-color wp-elements-b97f631f43ff3b5291ff00dd7b0ffc42\">En pr\u00e9sentiel ou en distanciel<\/li>\n\n\n\n<li class=\"has-contrast-color has-text-color has-link-color wp-elements-1a027a34b95bf8ed57c324b33c3722aa\">Plaquette \u00e0 venir <\/li>\n<\/ul>\n\n\n\n<div class=\"wp-block-buttons is-content-justification-center is-layout-flex wp-container-core-buttons-is-layout-a89b3969 wp-block-buttons-is-layout-flex\">\n<div class=\"wp-block-button has-custom-width wp-block-button__width-100\"><a class=\"wp-block-button__link has-accent-1-background-color has-background wp-element-button\" href=\"https:\/\/www.cabinet-elipsy.fr\/?page_id=16\"><strong><strong>Prenons RDV !<\/strong><\/strong><\/a><\/div>\n<\/div>\n<\/div>\n<\/div>\n<\/div>\n\n\n\n<p><\/p>\n","protected":false},"excerpt":{"rendered":"<p>Face \u00e0 un environnement professionnel en constante \u00e9volution, les facteurs humains deviennent un levier strat\u00e9gique majeur de r\u00e9ussite et d\u2019adaptation dans les entreprises. En tant que psychologue du travail, j\u2019accompagne les organisations et leurs collaborateurs sur des enjeux RH cl\u00e9s : pr\u00e9vention des risques psychosociaux -RPS-, qualit\u00e9 de vie et conditions de travail -QVCT-, gestion [&hellip;]<\/p>\n","protected":false},"author":1,"featured_media":0,"parent":0,"menu_order":0,"comment_status":"closed","ping_status":"closed","template":"","meta":{"footnotes":""},"class_list":["post-115","page","type-page","status-publish","hentry"],"yoast_head":"<!-- This site is optimized with the Yoast SEO plugin v27.3 - https:\/\/yoast.com\/product\/yoast-seo-wordpress\/ -->\n<title>Politique RH QVCT RPS GEPP - Faites vous accompagner<\/title>\n<meta name=\"robots\" content=\"index, follow, max-snippet:-1, max-image-preview:large, max-video-preview:-1\" \/>\n<link rel=\"canonical\" href=\"https:\/\/www.cabinet-elipsy.fr\/?page_id=115\" \/>\n<meta property=\"og:locale\" content=\"fr_FR\" \/>\n<meta property=\"og:type\" content=\"article\" \/>\n<meta property=\"og:title\" content=\"Politique RH QVCT RPS GEPP - Faites vous accompagner\" \/>\n<meta property=\"og:description\" content=\"Face \u00e0 un environnement professionnel en constante \u00e9volution, les facteurs humains deviennent un levier strat\u00e9gique majeur de r\u00e9ussite et d\u2019adaptation dans les entreprises. En tant que psychologue du travail, j\u2019accompagne les organisations et leurs collaborateurs sur des enjeux RH cl\u00e9s : pr\u00e9vention des risques psychosociaux -RPS-, qualit\u00e9 de vie et conditions de travail -QVCT-, gestion [&hellip;]\" \/>\n<meta property=\"og:url\" content=\"https:\/\/www.cabinet-elipsy.fr\/?page_id=115\" \/>\n<meta property=\"og:site_name\" content=\"Cabinet Eli&#039;Psy\" \/>\n<meta property=\"article:publisher\" content=\"https:\/\/www.facebook.com\/cabinetelipsy\/\" \/>\n<meta property=\"article:modified_time\" content=\"2026-04-27T07:17:01+00:00\" \/>\n<meta name=\"twitter:card\" content=\"summary_large_image\" \/>\n<meta name=\"twitter:label1\" content=\"Dur\u00e9e de lecture estim\u00e9e\" \/>\n\t<meta name=\"twitter:data1\" content=\"3 minutes\" \/>\n<script type=\"application\/ld+json\" class=\"yoast-schema-graph\">{\"@context\":\"https:\\\/\\\/schema.org\",\"@graph\":[{\"@type\":\"WebPage\",\"@id\":\"https:\\\/\\\/www.cabinet-elipsy.fr\\\/?page_id=115\",\"url\":\"https:\\\/\\\/www.cabinet-elipsy.fr\\\/?page_id=115\",\"name\":\"Politique RH QVCT RPS GEPP - Faites vous accompagner\",\"isPartOf\":{\"@id\":\"https:\\\/\\\/www.cabinet-elipsy.fr\\\/#website\"},\"datePublished\":\"2025-11-01T09:50:16+00:00\",\"dateModified\":\"2026-04-27T07:17:01+00:00\",\"breadcrumb\":{\"@id\":\"https:\\\/\\\/www.cabinet-elipsy.fr\\\/?page_id=115#breadcrumb\"},\"inLanguage\":\"fr-FR\",\"potentialAction\":[{\"@type\":\"ReadAction\",\"target\":[\"https:\\\/\\\/www.cabinet-elipsy.fr\\\/?page_id=115\"]}]},{\"@type\":\"BreadcrumbList\",\"@id\":\"https:\\\/\\\/www.cabinet-elipsy.fr\\\/?page_id=115#breadcrumb\",\"itemListElement\":[{\"@type\":\"ListItem\",\"position\":1,\"name\":\"Accueil\",\"item\":\"https:\\\/\\\/www.cabinet-elipsy.fr\\\/\"},{\"@type\":\"ListItem\",\"position\":2,\"name\":\"Accompagnement pour les entreprises\"}]},{\"@type\":\"WebSite\",\"@id\":\"https:\\\/\\\/www.cabinet-elipsy.fr\\\/#website\",\"url\":\"https:\\\/\\\/www.cabinet-elipsy.fr\\\/\",\"name\":\"Cabinet Eli'Psy psychologue du travail\",\"description\":\"Psychologue du travail sant\u00e9 mentale au travail burnout qvct rps handicap\",\"publisher\":{\"@id\":\"https:\\\/\\\/www.cabinet-elipsy.fr\\\/#organization\"},\"potentialAction\":[{\"@type\":\"SearchAction\",\"target\":{\"@type\":\"EntryPoint\",\"urlTemplate\":\"https:\\\/\\\/www.cabinet-elipsy.fr\\\/?s={search_term_string}\"},\"query-input\":{\"@type\":\"PropertyValueSpecification\",\"valueRequired\":true,\"valueName\":\"search_term_string\"}}],\"inLanguage\":\"fr-FR\"},{\"@type\":\"Organization\",\"@id\":\"https:\\\/\\\/www.cabinet-elipsy.fr\\\/#organization\",\"name\":\"Eli'Psy\",\"url\":\"https:\\\/\\\/www.cabinet-elipsy.fr\\\/\",\"logo\":{\"@type\":\"ImageObject\",\"inLanguage\":\"fr-FR\",\"@id\":\"https:\\\/\\\/www.cabinet-elipsy.fr\\\/#\\\/schema\\\/logo\\\/image\\\/\",\"url\":\"https:\\\/\\\/www.cabinet-elipsy.fr\\\/wp-content\\\/uploads\\\/2025\\\/09\\\/Illustration_sans_titre2-removebg-preview.png\",\"contentUrl\":\"https:\\\/\\\/www.cabinet-elipsy.fr\\\/wp-content\\\/uploads\\\/2025\\\/09\\\/Illustration_sans_titre2-removebg-preview.png\",\"width\":619,\"height\":403,\"caption\":\"Eli'Psy\"},\"image\":{\"@id\":\"https:\\\/\\\/www.cabinet-elipsy.fr\\\/#\\\/schema\\\/logo\\\/image\\\/\"},\"sameAs\":[\"https:\\\/\\\/www.facebook.com\\\/cabinetelipsy\\\/\",\"https:\\\/\\\/www.instagram.com\\\/cabinet.elipsy\\\/\"]}]}<\/script>\n<!-- \/ Yoast SEO plugin. -->","yoast_head_json":{"title":"Politique RH QVCT RPS GEPP - Faites vous accompagner","robots":{"index":"index","follow":"follow","max-snippet":"max-snippet:-1","max-image-preview":"max-image-preview:large","max-video-preview":"max-video-preview:-1"},"canonical":"https:\/\/www.cabinet-elipsy.fr\/?page_id=115","og_locale":"fr_FR","og_type":"article","og_title":"Politique RH QVCT RPS GEPP - Faites vous accompagner","og_description":"Face \u00e0 un environnement professionnel en constante \u00e9volution, les facteurs humains deviennent un levier strat\u00e9gique majeur de r\u00e9ussite et d\u2019adaptation dans les entreprises. En tant que psychologue du travail, j\u2019accompagne les organisations et leurs collaborateurs sur des enjeux RH cl\u00e9s : pr\u00e9vention des risques psychosociaux -RPS-, qualit\u00e9 de vie et conditions de travail -QVCT-, gestion [&hellip;]","og_url":"https:\/\/www.cabinet-elipsy.fr\/?page_id=115","og_site_name":"Cabinet Eli&#039;Psy","article_publisher":"https:\/\/www.facebook.com\/cabinetelipsy\/","article_modified_time":"2026-04-27T07:17:01+00:00","twitter_card":"summary_large_image","twitter_misc":{"Dur\u00e9e de lecture estim\u00e9e":"3 minutes"},"schema":{"@context":"https:\/\/schema.org","@graph":[{"@type":"WebPage","@id":"https:\/\/www.cabinet-elipsy.fr\/?page_id=115","url":"https:\/\/www.cabinet-elipsy.fr\/?page_id=115","name":"Politique RH QVCT RPS GEPP - Faites vous accompagner","isPartOf":{"@id":"https:\/\/www.cabinet-elipsy.fr\/#website"},"datePublished":"2025-11-01T09:50:16+00:00","dateModified":"2026-04-27T07:17:01+00:00","breadcrumb":{"@id":"https:\/\/www.cabinet-elipsy.fr\/?page_id=115#breadcrumb"},"inLanguage":"fr-FR","potentialAction":[{"@type":"ReadAction","target":["https:\/\/www.cabinet-elipsy.fr\/?page_id=115"]}]},{"@type":"BreadcrumbList","@id":"https:\/\/www.cabinet-elipsy.fr\/?page_id=115#breadcrumb","itemListElement":[{"@type":"ListItem","position":1,"name":"Accueil","item":"https:\/\/www.cabinet-elipsy.fr\/"},{"@type":"ListItem","position":2,"name":"Accompagnement pour les entreprises"}]},{"@type":"WebSite","@id":"https:\/\/www.cabinet-elipsy.fr\/#website","url":"https:\/\/www.cabinet-elipsy.fr\/","name":"Cabinet Eli'Psy psychologue du travail","description":"Psychologue du travail sant\u00e9 mentale au travail burnout qvct rps handicap","publisher":{"@id":"https:\/\/www.cabinet-elipsy.fr\/#organization"},"potentialAction":[{"@type":"SearchAction","target":{"@type":"EntryPoint","urlTemplate":"https:\/\/www.cabinet-elipsy.fr\/?s={search_term_string}"},"query-input":{"@type":"PropertyValueSpecification","valueRequired":true,"valueName":"search_term_string"}}],"inLanguage":"fr-FR"},{"@type":"Organization","@id":"https:\/\/www.cabinet-elipsy.fr\/#organization","name":"Eli'Psy","url":"https:\/\/www.cabinet-elipsy.fr\/","logo":{"@type":"ImageObject","inLanguage":"fr-FR","@id":"https:\/\/www.cabinet-elipsy.fr\/#\/schema\/logo\/image\/","url":"https:\/\/www.cabinet-elipsy.fr\/wp-content\/uploads\/2025\/09\/Illustration_sans_titre2-removebg-preview.png","contentUrl":"https:\/\/www.cabinet-elipsy.fr\/wp-content\/uploads\/2025\/09\/Illustration_sans_titre2-removebg-preview.png","width":619,"height":403,"caption":"Eli'Psy"},"image":{"@id":"https:\/\/www.cabinet-elipsy.fr\/#\/schema\/logo\/image\/"},"sameAs":["https:\/\/www.facebook.com\/cabinetelipsy\/","https:\/\/www.instagram.com\/cabinet.elipsy\/"]}]}},"_links":{"self":[{"href":"https:\/\/www.cabinet-elipsy.fr\/index.php?rest_route=\/wp\/v2\/pages\/115","targetHints":{"allow":["GET"]}}],"collection":[{"href":"https:\/\/www.cabinet-elipsy.fr\/index.php?rest_route=\/wp\/v2\/pages"}],"about":[{"href":"https:\/\/www.cabinet-elipsy.fr\/index.php?rest_route=\/wp\/v2\/types\/page"}],"author":[{"embeddable":true,"href":"https:\/\/www.cabinet-elipsy.fr\/index.php?rest_route=\/wp\/v2\/users\/1"}],"replies":[{"embeddable":true,"href":"https:\/\/www.cabinet-elipsy.fr\/index.php?rest_route=%2Fwp%2Fv2%2Fcomments&post=115"}],"version-history":[{"count":18,"href":"https:\/\/www.cabinet-elipsy.fr\/index.php?rest_route=\/wp\/v2\/pages\/115\/revisions"}],"predecessor-version":[{"id":352,"href":"https:\/\/www.cabinet-elipsy.fr\/index.php?rest_route=\/wp\/v2\/pages\/115\/revisions\/352"}],"wp:attachment":[{"href":"https:\/\/www.cabinet-elipsy.fr\/index.php?rest_route=%2Fwp%2Fv2%2Fmedia&parent=115"}],"curies":[{"name":"wp","href":"https:\/\/api.w.org\/{rel}","templated":true}]}}