{"id":114,"date":"2025-10-28T09:13:05","date_gmt":"2025-10-28T08:13:05","guid":{"rendered":"https:\/\/www.cabinet-elipsy.fr\/?page_id=114"},"modified":"2026-02-25T10:51:06","modified_gmt":"2026-02-25T09:51:06","slug":"accompagnement-pour-les-etudiants","status":"publish","type":"page","link":"https:\/\/www.cabinet-elipsy.fr\/?page_id=114","title":{"rendered":"Accompagnement pour les \u00e9tudiants"},"content":{"rendered":"\n<div class=\"wp-block-group alignfull has-global-padding is-layout-constrained wp-container-core-group-is-layout-fc3172a5 wp-block-group-is-layout-constrained\" style=\"min-height:0vh;margin-top:0;margin-bottom:0;padding-top:var(--wp--preset--spacing--40);padding-right:var(--wp--preset--spacing--40);padding-bottom:var(--wp--preset--spacing--40);padding-left:var(--wp--preset--spacing--40)\">\n<div class=\"wp-block-group has-global-padding is-layout-constrained wp-container-core-group-is-layout-346627ba wp-block-group-is-layout-constrained\">\n<p class=\"has-text-align-center\">Prendre du recul pendant ses \u00e9tudes, ce n\u2019est pas toujours facile. Entre le stress, les doutes, la pression du choix d\u2019orientation ou du futur m\u00e9tier, on peut vite se sentir perdu.<\/p>\n\n\n\n<p class=\"has-text-align-center\"><strong><mark style=\"background-color:rgba(0, 0, 0, 0);color:#f26513\" class=\"has-inline-color\">Ensemble<\/mark><\/strong>, nous prenons le temps de faire le point : mettre des mots sur vos inqui\u00e9tudes, comprendre ce qui vous motive, rep\u00e9rer vos forces, explorer vos possibles, etc.<\/p>\n\n\n\n<p class=\"has-text-align-center\">L\u2019int\u00e9r\u00eat de vous faire accompagner par un <strong><mark style=\"background-color:rgba(0, 0, 0, 0);color:#f26513\" class=\"has-inline-color\">psychologue du travail<\/mark><\/strong> ? Vous aider \u00e0 avancer plus sereinement et \u00e0 construire un projet qui vous ressemble.<\/p>\n<\/div>\n<\/div>\n\n\n\n<div class=\"wp-block-group alignfull is-style-section-3 has-global-padding is-layout-constrained wp-container-core-group-is-layout-ebee8dc1 wp-block-group-is-layout-constrained is-style-section-3--1\" style=\"margin-top:0;margin-bottom:0;padding-top:var(--wp--preset--spacing--50);padding-bottom:var(--wp--preset--spacing--50)\">\n<h2 class=\"wp-block-heading alignwide has-text-align-center\">Les accompagnements propos\u00e9s<\/h2>\n\n\n\n<div class=\"wp-block-columns alignwide is-layout-flex wp-container-core-columns-is-layout-28f84493 wp-block-columns-is-layout-flex\">\n<div class=\"wp-block-column is-layout-flow wp-block-column-is-layout-flow\">\n<figure class=\"wp-block-image aligncenter size-full is-resized\" style=\"margin-bottom:24px\"><img loading=\"lazy\" decoding=\"async\" width=\"2000\" height=\"2000\" src=\"https:\/\/www.cabinet-elipsy.fr\/wp-content\/uploads\/2025\/11\/pexels-cottonbro-4100422-edited.jpg\" alt=\"\" class=\"wp-image-262\" style=\"aspect-ratio:1.3333333333333333;object-fit:cover;width:273px;height:auto\" srcset=\"https:\/\/www.cabinet-elipsy.fr\/wp-content\/uploads\/2025\/11\/pexels-cottonbro-4100422-edited.jpg 2000w, https:\/\/www.cabinet-elipsy.fr\/wp-content\/uploads\/2025\/11\/pexels-cottonbro-4100422-edited-300x300.jpg 300w, https:\/\/www.cabinet-elipsy.fr\/wp-content\/uploads\/2025\/11\/pexels-cottonbro-4100422-edited-1024x1024.jpg 1024w, https:\/\/www.cabinet-elipsy.fr\/wp-content\/uploads\/2025\/11\/pexels-cottonbro-4100422-edited-150x150.jpg 150w, https:\/\/www.cabinet-elipsy.fr\/wp-content\/uploads\/2025\/11\/pexels-cottonbro-4100422-edited-768x768.jpg 768w, https:\/\/www.cabinet-elipsy.fr\/wp-content\/uploads\/2025\/11\/pexels-cottonbro-4100422-edited-1536x1536.jpg 1536w\" sizes=\"auto, (max-width: 2000px) 100vw, 2000px\" \/><\/figure>\n\n\n\n<h3 class=\"wp-block-heading has-text-align-center\">S\u00e9ance de psychologie en lien avec les \u00e9tudes<\/h3>\n\n\n\n<p class=\"has-text-align-center\"><em>Les mots-cl\u00e9s de ces s\u00e9ances : bienveillance et confidentialit\u00e9<\/em><\/p>\n\n\n\n<p class=\"has-medium-font-size\">Un espace d&rsquo;\u00e9coute o\u00f9 chaque th\u00e9matique peut \u00eatre abord\u00e9e : gestion du stress face aux \u00e9tudes, prendre soin de sa sant\u00e9 mentale, (re)trouver du sens et de la motivation, etc.<\/p>\n<\/div>\n\n\n\n<div class=\"wp-block-column is-layout-flow wp-block-column-is-layout-flow\">\n<figure class=\"wp-block-image aligncenter size-full is-resized\" style=\"margin-bottom:24px\"><img loading=\"lazy\" decoding=\"async\" width=\"1707\" height=\"2560\" src=\"https:\/\/www.cabinet-elipsy.fr\/wp-content\/uploads\/2025\/11\/pexels-cottonbro-4100423-scaled.jpg\" alt=\"\" class=\"wp-image-259\" style=\"aspect-ratio:1.3333333333333333;object-fit:cover;width:273px;height:auto\" srcset=\"https:\/\/www.cabinet-elipsy.fr\/wp-content\/uploads\/2025\/11\/pexels-cottonbro-4100423-scaled.jpg 1707w, https:\/\/www.cabinet-elipsy.fr\/wp-content\/uploads\/2025\/11\/pexels-cottonbro-4100423-200x300.jpg 200w, https:\/\/www.cabinet-elipsy.fr\/wp-content\/uploads\/2025\/11\/pexels-cottonbro-4100423-683x1024.jpg 683w, https:\/\/www.cabinet-elipsy.fr\/wp-content\/uploads\/2025\/11\/pexels-cottonbro-4100423-768x1152.jpg 768w, https:\/\/www.cabinet-elipsy.fr\/wp-content\/uploads\/2025\/11\/pexels-cottonbro-4100423-1024x1536.jpg 1024w, https:\/\/www.cabinet-elipsy.fr\/wp-content\/uploads\/2025\/11\/pexels-cottonbro-4100423-1365x2048.jpg 1365w\" sizes=\"auto, (max-width: 1707px) 100vw, 1707px\" \/><\/figure>\n\n\n\n<h3 class=\"wp-block-heading has-text-align-center\">Bilan d&rsquo;orientation<\/h3>\n\n\n\n<p class=\"has-text-align-left has-medium-font-size\">A partir de la seconde, la d\u00e9finition du projet d&rsquo;orientation s&rsquo;acc\u00e9l\u00e8re. C&rsquo;est un processus qui demande du temps, de la r\u00e9flexion mais aussi de l&rsquo;action.<\/p>\n\n\n\n<p class=\"has-text-align-left has-medium-font-size\">Via ce bilan, je te propose de t&rsquo;aider \u00e0 mettre des mots sur ce qui pourrait te plaire, ce qui pourrait te motiver et au final identifier un secteur d&rsquo;activit\u00e9 et\/ou un m\u00e9tier qui te correspondra. <\/p>\n<\/div>\n\n\n\n<div class=\"wp-block-column is-layout-flow wp-block-column-is-layout-flow\">\n<figure class=\"wp-block-image aligncenter size-full is-resized\" style=\"margin-bottom:24px\"><img loading=\"lazy\" decoding=\"async\" width=\"2000\" height=\"2000\" src=\"https:\/\/www.cabinet-elipsy.fr\/wp-content\/uploads\/2025\/11\/pexels-cottonbro-7441381-1-edited.jpg\" alt=\"\" class=\"wp-image-263\" style=\"aspect-ratio:1.3333333333333333;object-fit:cover;width:271px;height:auto\" srcset=\"https:\/\/www.cabinet-elipsy.fr\/wp-content\/uploads\/2025\/11\/pexels-cottonbro-7441381-1-edited.jpg 2000w, https:\/\/www.cabinet-elipsy.fr\/wp-content\/uploads\/2025\/11\/pexels-cottonbro-7441381-1-edited-300x300.jpg 300w, https:\/\/www.cabinet-elipsy.fr\/wp-content\/uploads\/2025\/11\/pexels-cottonbro-7441381-1-edited-1024x1024.jpg 1024w, https:\/\/www.cabinet-elipsy.fr\/wp-content\/uploads\/2025\/11\/pexels-cottonbro-7441381-1-edited-150x150.jpg 150w, https:\/\/www.cabinet-elipsy.fr\/wp-content\/uploads\/2025\/11\/pexels-cottonbro-7441381-1-edited-768x768.jpg 768w, https:\/\/www.cabinet-elipsy.fr\/wp-content\/uploads\/2025\/11\/pexels-cottonbro-7441381-1-edited-1536x1536.jpg 1536w\" sizes=\"auto, (max-width: 2000px) 100vw, 2000px\" \/><\/figure>\n\n\n\n<h3 class=\"wp-block-heading has-text-align-center\">Ateliers collectifs th\u00e9matiques<\/h3>\n\n\n\n<p class=\"has-medium-font-size\">Un calendrier sera publi\u00e9 prochainement pour proposer des ateliers th\u00e9matiques en pr\u00e9sentiel ou distanciel.<\/p>\n\n\n\n<p class=\"has-medium-font-size\">Les th\u00e9matiques sont diverses : gestion du stress, gestion des \u00e9motions, communication, organisation du travail, gestion du temps, etc.<\/p>\n<\/div>\n<\/div>\n<\/div>\n\n\n\n<div class=\"wp-block-group alignfull has-global-padding is-layout-constrained wp-block-group-is-layout-constrained\" style=\"margin-top:0;margin-bottom:0;padding-top:var(--wp--preset--spacing--60);padding-bottom:var(--wp--preset--spacing--60)\">\n<h2 class=\"wp-block-heading alignwide has-text-align-center\">Tarifs<\/h2>\n\n\n\n<div class=\"wp-block-columns alignwide is-layout-flex wp-container-core-columns-is-layout-1d9f35bd wp-block-columns-is-layout-flex\">\n<div class=\"wp-block-column has-border-color has-custom-fond-bouton-background-color has-background is-layout-flow wp-block-column-is-layout-flow\" style=\"border-color:var(--wp--preset--color--accent-6);border-width:1px;border-radius:10px;padding-top:var(--wp--preset--spacing--50);padding-right:var(--wp--preset--spacing--50);padding-bottom:var(--wp--preset--spacing--50);padding-left:var(--wp--preset--spacing--50)\">\n<h3 class=\"wp-block-heading\" id=\"free\">S\u00e9ance de psychologie en lien avec les \u00e9tudes<\/h3>\n\n\n\n<p class=\"has-text-align-left has-contrast-color has-text-color has-link-color wp-elements-0cf45d1fad6daad2595bc28bec3f0ae6\"><strong><s>55<\/s> &#8211; 45&nbsp;\u20ac (tarif \u00e9tudiant)<\/strong><\/p>\n\n\n\n<ul style=\"padding-bottom:var(--wp--preset--spacing--20);padding-left:var(--wp--preset--spacing--20)\" class=\"wp-block-list is-style-checkmark-list has-small-font-size\">\n<li>Confidentiel<\/li>\n\n\n\n<li>Espace d&rsquo;\u00e9coute <\/li>\n\n\n\n<li>Rythme des s\u00e9ances adapt\u00e9 \u00e0 vos besoins<\/li>\n\n\n\n<li>En pr\u00e9sentiel ou distanciel<\/li>\n<\/ul>\n\n\n\n<div class=\"wp-block-buttons is-content-justification-center is-layout-flex wp-container-core-buttons-is-layout-a89b3969 wp-block-buttons-is-layout-flex\">\n<div class=\"wp-block-button has-custom-width wp-block-button__width-100\"><a class=\"wp-block-button__link has-accent-1-background-color has-background wp-element-button\" href=\"https:\/\/www.doctolib.fr\/psychologue\/le-pontet\/elisa-ratinet\" target=\"_blank\" rel=\"noreferrer noopener\">Prise de rdv via doctolib<\/a><\/div>\n<\/div>\n<\/div>\n\n\n\n<div class=\"wp-block-column has-border-color has-custom-fond-bouton-background-color has-background is-layout-flow wp-block-column-is-layout-flow\" style=\"border-color:var(--wp--preset--color--accent-6);border-width:1px;border-radius:10px;padding-top:var(--wp--preset--spacing--50);padding-right:var(--wp--preset--spacing--50);padding-bottom:var(--wp--preset--spacing--50);padding-left:var(--wp--preset--spacing--50)\">\n<h3 class=\"wp-block-heading\" id=\"single\">Bilan d&rsquo;orientation <\/h3>\n\n\n\n<p class=\"has-large-font-size\">300 \u20ac + un test psychotechnique \u00e0 25,20 \u20ac<\/p>\n\n\n\n<ul style=\"padding-bottom:var(--wp--preset--spacing--20);padding-left:var(--wp--preset--spacing--20)\" class=\"wp-block-list is-style-checkmark-list has-small-font-size\">\n<li>Premier rdv gratuit pour faire le point<\/li>\n\n\n\n<li>6 heures d&rsquo;accompagnement <\/li>\n\n\n\n<li>Construction d&rsquo;un projet d&rsquo;orientation individualis\u00e9<\/li>\n\n\n\n<li>Passation d&rsquo;un test concernant les int\u00e9r\u00eats professionnels <\/li>\n\n\n\n<li>Rythme adapt\u00e9 <\/li>\n\n\n\n<li>En pr\u00e9sentiel ou distanciel<\/li>\n<\/ul>\n\n\n\n<div class=\"wp-block-buttons is-content-justification-center is-layout-flex wp-container-core-buttons-is-layout-a89b3969 wp-block-buttons-is-layout-flex\">\n<div class=\"wp-block-button has-custom-width wp-block-button__width-100\"><a class=\"wp-block-button__link has-accent-1-background-color has-background wp-element-button\" href=\"https:\/\/www.doctolib.fr\/psychologue\/le-pontet\/elisa-ratinet\" target=\"_blank\" rel=\"noreferrer noopener\">Prise de rdv via doctolib<\/a><\/div>\n<\/div>\n<\/div>\n\n\n\n<div class=\"wp-block-column has-border-color has-custom-fond-bouton-background-color has-background is-layout-flow wp-block-column-is-layout-flow\" style=\"border-color:var(--wp--preset--color--accent-6);border-width:1px;border-radius:10px;padding-top:var(--wp--preset--spacing--50);padding-right:var(--wp--preset--spacing--50);padding-bottom:var(--wp--preset--spacing--50);padding-left:var(--wp--preset--spacing--50)\">\n<h3 class=\"wp-block-heading\" id=\"single\">Ateliers th\u00e9matiques<\/h3>\n\n\n\n<p class=\"has-large-font-size\">De 25 \u00e0 50 \u20ac<\/p>\n\n\n\n<ul style=\"padding-bottom:var(--wp--preset--spacing--20);padding-left:var(--wp--preset--spacing--20)\" class=\"wp-block-list is-style-checkmark-list has-small-font-size\">\n<li>En collectif<\/li>\n\n\n\n<li class=\"has-contrast-color has-text-color has-link-color wp-elements-3b5c5f110a21a8428d2e41f12f7dd6eb\">En pr\u00e9sentiel ou distanciel <\/li>\n\n\n\n<li class=\"has-contrast-color has-text-color has-link-color wp-elements-83a51d6264253c2b57f2a49c2fcb3b9c\">Atelier de 1h \u00e0 3h<\/li>\n\n\n\n<li class=\"has-contrast-color has-text-color has-link-color wp-elements-5e6e3574817b6e7eaee58db0adb00717\">Th\u00e9matiques diverses (gestion du stress, gestion des conflits, etc.)<\/li>\n<\/ul>\n\n\n\n<div class=\"wp-block-buttons is-content-justification-center is-layout-flex wp-container-core-buttons-is-layout-a89b3969 wp-block-buttons-is-layout-flex\">\n<div class=\"wp-block-button has-custom-width wp-block-button__width-100\"><a class=\"wp-block-button__link has-accent-1-background-color has-background wp-element-button\">Calendrier \u00e0 venir<\/a><\/div>\n<\/div>\n<\/div>\n<\/div>\n<\/div>\n\n\n\n<p class=\"has-text-align-center\"><a style=\"display:block;text-align:center;background-color:#0596DE;color:#ffffff;font-size:14px;overflow:hidden;width:257px;height:40px;border-bottom-right-radius:none;border-bottom-left-radius:none;position:fixed;bottom:0;left:5px;z-index:1000;border-top-left-radius:4px;border-top-right-radius:4px;line-height:40px\" data-reactroot=\"\" href=\"https:\/\/www.doctolib.fr\/psychologue\/le-pontet\/elisa-ratinet\" target=\"_blank\"><span style=\"font-size:13px\">Prendre rendez-vous en ligne<\/span><img decoding=\"async\" style=\"height:15px;margin-bottom:3px;vertical-align:middle;width:auto\" src=\"https:\/\/www.doctolib.fr\/external_button\/doctolib-white-transparent.png\" alt=\"Doctolib\"><\/a><\/p>\n\n\n\n<p><\/p>\n","protected":false},"excerpt":{"rendered":"<p>Prendre du recul pendant ses \u00e9tudes, ce n\u2019est pas toujours facile. Entre le stress, les doutes, la pression du choix d\u2019orientation ou du futur m\u00e9tier, on peut vite se sentir perdu. Ensemble, nous prenons le temps de faire le point : mettre des mots sur vos inqui\u00e9tudes, comprendre ce qui vous motive, rep\u00e9rer vos forces, [&hellip;]<\/p>\n","protected":false},"author":1,"featured_media":0,"parent":0,"menu_order":0,"comment_status":"closed","ping_status":"closed","template":"","meta":{"footnotes":""},"class_list":["post-114","page","type-page","status-publish","hentry"],"yoast_head":"<!-- This site is optimized with the Yoast SEO plugin v27.3 - https:\/\/yoast.com\/product\/yoast-seo-wordpress\/ -->\n<title>Sant\u00e9 mentale des \u00e9tudiants et \u00e9tudes - Prenez RDV<\/title>\n<meta name=\"robots\" content=\"index, follow, max-snippet:-1, max-image-preview:large, max-video-preview:-1\" \/>\n<link rel=\"canonical\" href=\"https:\/\/www.cabinet-elipsy.fr\/?page_id=114\" \/>\n<meta property=\"og:locale\" content=\"fr_FR\" \/>\n<meta property=\"og:type\" content=\"article\" \/>\n<meta property=\"og:title\" content=\"Sant\u00e9 mentale des \u00e9tudiants et \u00e9tudes - Prenez RDV\" \/>\n<meta property=\"og:description\" content=\"Prendre du recul pendant ses \u00e9tudes, ce n\u2019est pas toujours facile. Entre le stress, les doutes, la pression du choix d\u2019orientation ou du futur m\u00e9tier, on peut vite se sentir perdu. Ensemble, nous prenons le temps de faire le point : mettre des mots sur vos inqui\u00e9tudes, comprendre ce qui vous motive, rep\u00e9rer vos forces, [&hellip;]\" \/>\n<meta property=\"og:url\" content=\"https:\/\/www.cabinet-elipsy.fr\/?page_id=114\" \/>\n<meta property=\"og:site_name\" content=\"Cabinet Eli&#039;Psy\" \/>\n<meta property=\"article:publisher\" content=\"https:\/\/www.facebook.com\/cabinetelipsy\/\" \/>\n<meta property=\"article:modified_time\" content=\"2026-02-25T09:51:06+00:00\" \/>\n<meta property=\"og:image\" content=\"https:\/\/www.cabinet-elipsy.fr\/wp-content\/uploads\/2025\/11\/pexels-cottonbro-4100422-edited.jpg\" \/>\n\t<meta property=\"og:image:width\" content=\"2000\" \/>\n\t<meta property=\"og:image:height\" content=\"2000\" \/>\n\t<meta property=\"og:image:type\" content=\"image\/jpeg\" \/>\n<meta name=\"twitter:card\" content=\"summary_large_image\" \/>\n<meta name=\"twitter:label1\" content=\"Dur\u00e9e de lecture estim\u00e9e\" \/>\n\t<meta name=\"twitter:data1\" content=\"3 minutes\" \/>\n<script type=\"application\/ld+json\" class=\"yoast-schema-graph\">{\"@context\":\"https:\\\/\\\/schema.org\",\"@graph\":[{\"@type\":\"WebPage\",\"@id\":\"https:\\\/\\\/www.cabinet-elipsy.fr\\\/?page_id=114\",\"url\":\"https:\\\/\\\/www.cabinet-elipsy.fr\\\/?page_id=114\",\"name\":\"Sant\u00e9 mentale des \u00e9tudiants et \u00e9tudes - Prenez RDV\",\"isPartOf\":{\"@id\":\"https:\\\/\\\/www.cabinet-elipsy.fr\\\/#website\"},\"primaryImageOfPage\":{\"@id\":\"https:\\\/\\\/www.cabinet-elipsy.fr\\\/?page_id=114#primaryimage\"},\"image\":{\"@id\":\"https:\\\/\\\/www.cabinet-elipsy.fr\\\/?page_id=114#primaryimage\"},\"thumbnailUrl\":\"https:\\\/\\\/www.cabinet-elipsy.fr\\\/wp-content\\\/uploads\\\/2025\\\/11\\\/pexels-cottonbro-4100422-edited.jpg\",\"datePublished\":\"2025-10-28T08:13:05+00:00\",\"dateModified\":\"2026-02-25T09:51:06+00:00\",\"breadcrumb\":{\"@id\":\"https:\\\/\\\/www.cabinet-elipsy.fr\\\/?page_id=114#breadcrumb\"},\"inLanguage\":\"fr-FR\",\"potentialAction\":[{\"@type\":\"ReadAction\",\"target\":[\"https:\\\/\\\/www.cabinet-elipsy.fr\\\/?page_id=114\"]}]},{\"@type\":\"ImageObject\",\"inLanguage\":\"fr-FR\",\"@id\":\"https:\\\/\\\/www.cabinet-elipsy.fr\\\/?page_id=114#primaryimage\",\"url\":\"https:\\\/\\\/www.cabinet-elipsy.fr\\\/wp-content\\\/uploads\\\/2025\\\/11\\\/pexels-cottonbro-4100422-edited.jpg\",\"contentUrl\":\"https:\\\/\\\/www.cabinet-elipsy.fr\\\/wp-content\\\/uploads\\\/2025\\\/11\\\/pexels-cottonbro-4100422-edited.jpg\",\"width\":2000,\"height\":2000},{\"@type\":\"BreadcrumbList\",\"@id\":\"https:\\\/\\\/www.cabinet-elipsy.fr\\\/?page_id=114#breadcrumb\",\"itemListElement\":[{\"@type\":\"ListItem\",\"position\":1,\"name\":\"Accueil\",\"item\":\"https:\\\/\\\/www.cabinet-elipsy.fr\\\/\"},{\"@type\":\"ListItem\",\"position\":2,\"name\":\"Accompagnement pour les \u00e9tudiants\"}]},{\"@type\":\"WebSite\",\"@id\":\"https:\\\/\\\/www.cabinet-elipsy.fr\\\/#website\",\"url\":\"https:\\\/\\\/www.cabinet-elipsy.fr\\\/\",\"name\":\"Cabinet Eli'Psy psychologue du travail\",\"description\":\"Psychologue du travail sant\u00e9 mentale au travail burnout qvct rps handicap\",\"publisher\":{\"@id\":\"https:\\\/\\\/www.cabinet-elipsy.fr\\\/#organization\"},\"potentialAction\":[{\"@type\":\"SearchAction\",\"target\":{\"@type\":\"EntryPoint\",\"urlTemplate\":\"https:\\\/\\\/www.cabinet-elipsy.fr\\\/?s={search_term_string}\"},\"query-input\":{\"@type\":\"PropertyValueSpecification\",\"valueRequired\":true,\"valueName\":\"search_term_string\"}}],\"inLanguage\":\"fr-FR\"},{\"@type\":\"Organization\",\"@id\":\"https:\\\/\\\/www.cabinet-elipsy.fr\\\/#organization\",\"name\":\"Eli'Psy\",\"url\":\"https:\\\/\\\/www.cabinet-elipsy.fr\\\/\",\"logo\":{\"@type\":\"ImageObject\",\"inLanguage\":\"fr-FR\",\"@id\":\"https:\\\/\\\/www.cabinet-elipsy.fr\\\/#\\\/schema\\\/logo\\\/image\\\/\",\"url\":\"https:\\\/\\\/www.cabinet-elipsy.fr\\\/wp-content\\\/uploads\\\/2025\\\/09\\\/Illustration_sans_titre2-removebg-preview.png\",\"contentUrl\":\"https:\\\/\\\/www.cabinet-elipsy.fr\\\/wp-content\\\/uploads\\\/2025\\\/09\\\/Illustration_sans_titre2-removebg-preview.png\",\"width\":619,\"height\":403,\"caption\":\"Eli'Psy\"},\"image\":{\"@id\":\"https:\\\/\\\/www.cabinet-elipsy.fr\\\/#\\\/schema\\\/logo\\\/image\\\/\"},\"sameAs\":[\"https:\\\/\\\/www.facebook.com\\\/cabinetelipsy\\\/\",\"https:\\\/\\\/www.instagram.com\\\/cabinet.elipsy\\\/\"]}]}<\/script>\n<!-- \/ Yoast SEO plugin. -->","yoast_head_json":{"title":"Sant\u00e9 mentale des \u00e9tudiants et \u00e9tudes - Prenez RDV","robots":{"index":"index","follow":"follow","max-snippet":"max-snippet:-1","max-image-preview":"max-image-preview:large","max-video-preview":"max-video-preview:-1"},"canonical":"https:\/\/www.cabinet-elipsy.fr\/?page_id=114","og_locale":"fr_FR","og_type":"article","og_title":"Sant\u00e9 mentale des \u00e9tudiants et \u00e9tudes - Prenez RDV","og_description":"Prendre du recul pendant ses \u00e9tudes, ce n\u2019est pas toujours facile. Entre le stress, les doutes, la pression du choix d\u2019orientation ou du futur m\u00e9tier, on peut vite se sentir perdu. Ensemble, nous prenons le temps de faire le point : mettre des mots sur vos inqui\u00e9tudes, comprendre ce qui vous motive, rep\u00e9rer vos forces, [&hellip;]","og_url":"https:\/\/www.cabinet-elipsy.fr\/?page_id=114","og_site_name":"Cabinet Eli&#039;Psy","article_publisher":"https:\/\/www.facebook.com\/cabinetelipsy\/","article_modified_time":"2026-02-25T09:51:06+00:00","og_image":[{"width":2000,"height":2000,"url":"https:\/\/www.cabinet-elipsy.fr\/wp-content\/uploads\/2025\/11\/pexels-cottonbro-4100422-edited.jpg","type":"image\/jpeg"}],"twitter_card":"summary_large_image","twitter_misc":{"Dur\u00e9e de lecture estim\u00e9e":"3 minutes"},"schema":{"@context":"https:\/\/schema.org","@graph":[{"@type":"WebPage","@id":"https:\/\/www.cabinet-elipsy.fr\/?page_id=114","url":"https:\/\/www.cabinet-elipsy.fr\/?page_id=114","name":"Sant\u00e9 mentale des \u00e9tudiants et \u00e9tudes - Prenez RDV","isPartOf":{"@id":"https:\/\/www.cabinet-elipsy.fr\/#website"},"primaryImageOfPage":{"@id":"https:\/\/www.cabinet-elipsy.fr\/?page_id=114#primaryimage"},"image":{"@id":"https:\/\/www.cabinet-elipsy.fr\/?page_id=114#primaryimage"},"thumbnailUrl":"https:\/\/www.cabinet-elipsy.fr\/wp-content\/uploads\/2025\/11\/pexels-cottonbro-4100422-edited.jpg","datePublished":"2025-10-28T08:13:05+00:00","dateModified":"2026-02-25T09:51:06+00:00","breadcrumb":{"@id":"https:\/\/www.cabinet-elipsy.fr\/?page_id=114#breadcrumb"},"inLanguage":"fr-FR","potentialAction":[{"@type":"ReadAction","target":["https:\/\/www.cabinet-elipsy.fr\/?page_id=114"]}]},{"@type":"ImageObject","inLanguage":"fr-FR","@id":"https:\/\/www.cabinet-elipsy.fr\/?page_id=114#primaryimage","url":"https:\/\/www.cabinet-elipsy.fr\/wp-content\/uploads\/2025\/11\/pexels-cottonbro-4100422-edited.jpg","contentUrl":"https:\/\/www.cabinet-elipsy.fr\/wp-content\/uploads\/2025\/11\/pexels-cottonbro-4100422-edited.jpg","width":2000,"height":2000},{"@type":"BreadcrumbList","@id":"https:\/\/www.cabinet-elipsy.fr\/?page_id=114#breadcrumb","itemListElement":[{"@type":"ListItem","position":1,"name":"Accueil","item":"https:\/\/www.cabinet-elipsy.fr\/"},{"@type":"ListItem","position":2,"name":"Accompagnement pour les \u00e9tudiants"}]},{"@type":"WebSite","@id":"https:\/\/www.cabinet-elipsy.fr\/#website","url":"https:\/\/www.cabinet-elipsy.fr\/","name":"Cabinet Eli'Psy psychologue du travail","description":"Psychologue du travail sant\u00e9 mentale au travail burnout qvct rps handicap","publisher":{"@id":"https:\/\/www.cabinet-elipsy.fr\/#organization"},"potentialAction":[{"@type":"SearchAction","target":{"@type":"EntryPoint","urlTemplate":"https:\/\/www.cabinet-elipsy.fr\/?s={search_term_string}"},"query-input":{"@type":"PropertyValueSpecification","valueRequired":true,"valueName":"search_term_string"}}],"inLanguage":"fr-FR"},{"@type":"Organization","@id":"https:\/\/www.cabinet-elipsy.fr\/#organization","name":"Eli'Psy","url":"https:\/\/www.cabinet-elipsy.fr\/","logo":{"@type":"ImageObject","inLanguage":"fr-FR","@id":"https:\/\/www.cabinet-elipsy.fr\/#\/schema\/logo\/image\/","url":"https:\/\/www.cabinet-elipsy.fr\/wp-content\/uploads\/2025\/09\/Illustration_sans_titre2-removebg-preview.png","contentUrl":"https:\/\/www.cabinet-elipsy.fr\/wp-content\/uploads\/2025\/09\/Illustration_sans_titre2-removebg-preview.png","width":619,"height":403,"caption":"Eli'Psy"},"image":{"@id":"https:\/\/www.cabinet-elipsy.fr\/#\/schema\/logo\/image\/"},"sameAs":["https:\/\/www.facebook.com\/cabinetelipsy\/","https:\/\/www.instagram.com\/cabinet.elipsy\/"]}]}},"_links":{"self":[{"href":"https:\/\/www.cabinet-elipsy.fr\/index.php?rest_route=\/wp\/v2\/pages\/114","targetHints":{"allow":["GET"]}}],"collection":[{"href":"https:\/\/www.cabinet-elipsy.fr\/index.php?rest_route=\/wp\/v2\/pages"}],"about":[{"href":"https:\/\/www.cabinet-elipsy.fr\/index.php?rest_route=\/wp\/v2\/types\/page"}],"author":[{"embeddable":true,"href":"https:\/\/www.cabinet-elipsy.fr\/index.php?rest_route=\/wp\/v2\/users\/1"}],"replies":[{"embeddable":true,"href":"https:\/\/www.cabinet-elipsy.fr\/index.php?rest_route=%2Fwp%2Fv2%2Fcomments&post=114"}],"version-history":[{"count":17,"href":"https:\/\/www.cabinet-elipsy.fr\/index.php?rest_route=\/wp\/v2\/pages\/114\/revisions"}],"predecessor-version":[{"id":333,"href":"https:\/\/www.cabinet-elipsy.fr\/index.php?rest_route=\/wp\/v2\/pages\/114\/revisions\/333"}],"wp:attachment":[{"href":"https:\/\/www.cabinet-elipsy.fr\/index.php?rest_route=%2Fwp%2Fv2%2Fmedia&parent=114"}],"curies":[{"name":"wp","href":"https:\/\/api.w.org\/{rel}","templated":true}]}}