{"id":113,"date":"2025-10-22T18:34:14","date_gmt":"2025-10-22T16:34:14","guid":{"rendered":"https:\/\/www.cabinet-elipsy.fr\/?page_id=113"},"modified":"2026-02-25T10:47:33","modified_gmt":"2026-02-25T09:47:33","slug":"accompagnement-pour-actifs","status":"publish","type":"page","link":"https:\/\/www.cabinet-elipsy.fr\/?page_id=113","title":{"rendered":"Accompagnement pour les actifs"},"content":{"rendered":"\n<p class=\"has-text-align-center\">Un psychologue du travail <mark style=\"background-color:rgba(0, 0, 0, 0);color:#f26513\" class=\"has-inline-color\">cr\u00e9e l&rsquo;espace n\u00e9cessaire <\/mark>pour permettre \u00e0 chacun de s&rsquo;exprimer, de mettre des mots sur ses envies et d&rsquo;identifier des pistes d&rsquo;actions. <\/p>\n\n\n\n<p class=\"has-text-align-center\">L&rsquo;enjeu est d&rsquo;am\u00e9liorer son quotidien professionnel, d\u00e9velopper une bonne ad\u00e9quation entre sa vie professionnelle et personnelle, etc.<\/p>\n\n\n\n<p class=\"has-text-align-center\">Peut importe votre situation (salari\u00e9, demandeur d&#8217;emploi, ind\u00e9pendant, etc.), je vous propose de travailler votre posture et de <strong><mark style=\"background-color:rgba(0, 0, 0, 0);color:#f26513\" class=\"has-inline-color\">redevenir acteur<\/mark><\/strong> de votre carri\u00e8re !<\/p>\n\n\n\n<div style=\"height:17px\" aria-hidden=\"true\" class=\"wp-block-spacer\"><\/div>\n\n\n\n<div class=\"wp-block-group alignfull is-style-section-3 has-global-padding is-layout-constrained wp-container-core-group-is-layout-ebee8dc1 wp-block-group-is-layout-constrained has-background is-style-section-3--1\" style=\"margin-top:0;margin-bottom:0;padding-top:var(--wp--preset--spacing--50);padding-bottom:var(--wp--preset--spacing--50);background-image:url(&apos;https:\/\/www.cabinet-elipsy.fr\/wp-content\/uploads\/2025\/09\/wave-2105989_1280-2.png&apos;);background-position:44% 99%;background-size:cover;background-attachment:scroll;\">\n<h2 class=\"wp-block-heading alignwide has-text-align-center\">LES ACCOMPAGNEMENTS PROPOS\u00c9S <\/h2>\n\n\n\n<div class=\"wp-block-columns alignwide is-layout-flex wp-container-core-columns-is-layout-28f84493 wp-block-columns-is-layout-flex\">\n<div class=\"wp-block-column is-style-default is-layout-flow wp-block-column-is-layout-flow\">\n<figure class=\"wp-block-image aligncenter size-full is-resized\" style=\"margin-bottom:24px\"><img loading=\"lazy\" decoding=\"async\" width=\"2240\" height=\"2240\" src=\"https:\/\/www.cabinet-elipsy.fr\/wp-content\/uploads\/2025\/11\/pexels-karola-g-6028540-edited.jpg\" alt=\"\" class=\"wp-image-256\" style=\"aspect-ratio:1.3333333333333333;object-fit:cover;width:278px;height:auto\" srcset=\"https:\/\/www.cabinet-elipsy.fr\/wp-content\/uploads\/2025\/11\/pexels-karola-g-6028540-edited.jpg 2240w, https:\/\/www.cabinet-elipsy.fr\/wp-content\/uploads\/2025\/11\/pexels-karola-g-6028540-edited-300x300.jpg 300w, https:\/\/www.cabinet-elipsy.fr\/wp-content\/uploads\/2025\/11\/pexels-karola-g-6028540-edited-1024x1024.jpg 1024w, https:\/\/www.cabinet-elipsy.fr\/wp-content\/uploads\/2025\/11\/pexels-karola-g-6028540-edited-150x150.jpg 150w, https:\/\/www.cabinet-elipsy.fr\/wp-content\/uploads\/2025\/11\/pexels-karola-g-6028540-edited-768x768.jpg 768w, https:\/\/www.cabinet-elipsy.fr\/wp-content\/uploads\/2025\/11\/pexels-karola-g-6028540-edited-1536x1536.jpg 1536w, https:\/\/www.cabinet-elipsy.fr\/wp-content\/uploads\/2025\/11\/pexels-karola-g-6028540-edited-2048x2048.jpg 2048w\" sizes=\"auto, (max-width: 2240px) 100vw, 2240px\" \/><\/figure>\n\n\n\n<h3 class=\"wp-block-heading\">S\u00e9ance de psychologie en lien avec le travail<\/h3>\n\n\n\n<p class=\"has-text-align-center\"><em>Les mots-cl\u00e9s de ces s\u00e9ances : bienveillance et confidentialit\u00e9<\/em><\/p>\n\n\n\n<p class=\"has-text-align-left has-medium-font-size\">Un espace d\u2019\u00e9coute pour parler de ce qui p\u00e8se au travail : stress, fatigue, perte de motivation, doutes sur sa carri\u00e8re ou recherche d\u2019\u00e9quilibre. En toute simplicit\u00e9 : un temps pour prendre soin de soi !<\/p>\n<\/div>\n\n\n\n<div class=\"wp-block-column is-layout-flow wp-block-column-is-layout-flow\">\n<figure class=\"wp-block-image aligncenter size-full is-resized\" style=\"margin-bottom:24px\"><img loading=\"lazy\" decoding=\"async\" width=\"2000\" height=\"2000\" src=\"https:\/\/www.cabinet-elipsy.fr\/wp-content\/uploads\/2025\/11\/pexels-alex-green-5699486-edited.jpg\" alt=\"\" class=\"wp-image-255\" style=\"aspect-ratio:1.3333333333333333;object-fit:cover;width:279px;height:auto\" srcset=\"https:\/\/www.cabinet-elipsy.fr\/wp-content\/uploads\/2025\/11\/pexels-alex-green-5699486-edited.jpg 2000w, https:\/\/www.cabinet-elipsy.fr\/wp-content\/uploads\/2025\/11\/pexels-alex-green-5699486-edited-300x300.jpg 300w, https:\/\/www.cabinet-elipsy.fr\/wp-content\/uploads\/2025\/11\/pexels-alex-green-5699486-edited-1024x1024.jpg 1024w, https:\/\/www.cabinet-elipsy.fr\/wp-content\/uploads\/2025\/11\/pexels-alex-green-5699486-edited-150x150.jpg 150w, https:\/\/www.cabinet-elipsy.fr\/wp-content\/uploads\/2025\/11\/pexels-alex-green-5699486-edited-768x768.jpg 768w, https:\/\/www.cabinet-elipsy.fr\/wp-content\/uploads\/2025\/11\/pexels-alex-green-5699486-edited-1536x1536.jpg 1536w\" sizes=\"auto, (max-width: 2000px) 100vw, 2000px\" \/><\/figure>\n\n\n\n<h3 class=\"wp-block-heading\">Bilan de comp\u00e9tences<\/h3>\n\n\n\n<p class=\"has-text-align-center\"><em>Les mots-cl\u00e9s de ce bilan : mieux se connaitre et \u00eatre acteur de son avenir professionnel <\/em><\/p>\n\n\n\n<p class=\"has-medium-font-size\">Le <strong>bilan de comp\u00e9tences<\/strong> permet de faire le point sur son parcours, ses motivations et ses atouts afin de <strong>construire un projet professionnel <\/strong>coh\u00e9rent avec sa personnalit\u00e9 et son environnement.<\/p>\n\n\n\n<p class=\"has-medium-font-size\">Comme le pr\u00e9voit la r\u00e9glementation, ce bilan est sur 24h maximum et il se passe 3 phases : pr\u00e9liminaire, investigation et conclusion. <em>Plaquette \u00e0 venir<\/em>.<\/p>\n\n\n\n<p class=\"has-text-align-center has-medium-font-size\">Parlons en lors d&rsquo;un entretien gratuit et sans engagement !<\/p>\n<\/div>\n\n\n\n<div class=\"wp-block-column is-layout-flow wp-block-column-is-layout-flow\">\n<figure class=\"wp-block-image aligncenter size-full is-resized\" style=\"margin-bottom:24px\"><img loading=\"lazy\" decoding=\"async\" width=\"2000\" height=\"2000\" src=\"https:\/\/www.cabinet-elipsy.fr\/wp-content\/uploads\/2025\/11\/pexels-fauxels-3184287-1-edited.jpg\" alt=\"\" class=\"wp-image-254\" style=\"aspect-ratio:1.3333333333333333;object-fit:cover;width:281px;height:auto\" srcset=\"https:\/\/www.cabinet-elipsy.fr\/wp-content\/uploads\/2025\/11\/pexels-fauxels-3184287-1-edited.jpg 2000w, https:\/\/www.cabinet-elipsy.fr\/wp-content\/uploads\/2025\/11\/pexels-fauxels-3184287-1-edited-300x300.jpg 300w, https:\/\/www.cabinet-elipsy.fr\/wp-content\/uploads\/2025\/11\/pexels-fauxels-3184287-1-edited-1024x1024.jpg 1024w, https:\/\/www.cabinet-elipsy.fr\/wp-content\/uploads\/2025\/11\/pexels-fauxels-3184287-1-edited-150x150.jpg 150w, https:\/\/www.cabinet-elipsy.fr\/wp-content\/uploads\/2025\/11\/pexels-fauxels-3184287-1-edited-768x768.jpg 768w, https:\/\/www.cabinet-elipsy.fr\/wp-content\/uploads\/2025\/11\/pexels-fauxels-3184287-1-edited-1536x1536.jpg 1536w\" sizes=\"auto, (max-width: 2000px) 100vw, 2000px\" \/><\/figure>\n\n\n\n<h3 class=\"wp-block-heading\">Ateliers collectifs th\u00e9matiques<\/h3>\n\n\n\n<p class=\"has-medium-font-size\">Un calendrier sera publi\u00e9 prochainement pour proposer des ateliers th\u00e9matiques en pr\u00e9sentiel ou distanciel.<\/p>\n\n\n\n<p class=\"has-medium-font-size\">Les th\u00e9matiques sont diverses : gestion du stress, gestion des \u00e9motions, communication, gestion des conflits, etc.<\/p>\n<\/div>\n<\/div>\n<\/div>\n\n\n\n<div class=\"wp-block-group alignfull has-global-padding is-layout-constrained wp-block-group-is-layout-constrained\" style=\"margin-top:0;margin-bottom:0;padding-top:var(--wp--preset--spacing--60);padding-bottom:var(--wp--preset--spacing--60)\">\n<h2 class=\"wp-block-heading alignwide has-text-align-center\">Tarifs<\/h2>\n\n\n\n<div class=\"wp-block-columns alignwide is-layout-flex wp-container-core-columns-is-layout-1d9f35bd wp-block-columns-is-layout-flex\">\n<div class=\"wp-block-column is-style-section-5 has-border-color has-custom-fond-bouton-background-color has-background is-layout-flow wp-block-column-is-layout-flow is-style-section-5--2\" style=\"border-color:var(--wp--preset--color--accent-6);border-width:1px;border-radius:10px;padding-top:var(--wp--preset--spacing--50);padding-right:var(--wp--preset--spacing--50);padding-bottom:var(--wp--preset--spacing--50);padding-left:var(--wp--preset--spacing--50)\">\n<h3 class=\"wp-block-heading has-contrast-color has-text-color has-link-color wp-elements-b4bb38f988811845a7830029883d35f8\" id=\"free\">S\u00e9ance de psychologie en lien avec le travail<\/h3>\n\n\n\n<p class=\"has-text-align-left has-contrast-color has-text-color has-link-color wp-elements-fb709b87af043f9979b79d73ac4be0a8\"><strong>55&nbsp;\u20ac<\/strong><\/p>\n\n\n\n<ul style=\"padding-bottom:var(--wp--preset--spacing--20);padding-left:var(--wp--preset--spacing--20)\" class=\"wp-block-list is-style-checkmark-list has-small-font-size\">\n<li class=\"has-contrast-color has-text-color has-link-color wp-elements-c4abfa48f7819743fb8f703ca991383c\">Confidentiel<\/li>\n\n\n\n<li class=\"has-contrast-color has-text-color has-link-color wp-elements-d6ecc1d99c6234559e48d247e5c6c0d6\">Espace d&rsquo;\u00e9coute <\/li>\n\n\n\n<li class=\"has-contrast-color has-text-color has-link-color wp-elements-7b318ea93cee56a0bae8e4c9940193a8\">Rythme des s\u00e9ances adapt\u00e9 \u00e0 vos besoins<\/li>\n\n\n\n<li class=\"has-contrast-color has-text-color has-link-color wp-elements-ab0e95807dad0a70771f7eb29cc68cb7\">En pr\u00e9sentiel ou distanciel<\/li>\n<\/ul>\n\n\n\n<div class=\"wp-block-buttons is-content-justification-center is-layout-flex wp-container-core-buttons-is-layout-a89b3969 wp-block-buttons-is-layout-flex\">\n<div class=\"wp-block-button has-custom-width wp-block-button__width-100\"><a class=\"wp-block-button__link has-accent-1-background-color has-background wp-element-button\" href=\"https:\/\/www.doctolib.fr\/psychologue\/le-pontet\/elisa-ratinet\" target=\"_blank\" rel=\"noreferrer noopener\">Prise de rdv via doctolib<\/a><\/div>\n<\/div>\n<\/div>\n\n\n\n<div class=\"wp-block-column is-style-section-5 has-border-color has-custom-fond-bouton-background-color has-background is-layout-flow wp-block-column-is-layout-flow is-style-section-5--3\" style=\"border-color:var(--wp--preset--color--accent-6);border-width:1px;border-radius:10px;padding-top:var(--wp--preset--spacing--50);padding-right:var(--wp--preset--spacing--50);padding-bottom:var(--wp--preset--spacing--50);padding-left:var(--wp--preset--spacing--50)\">\n<h3 class=\"wp-block-heading has-contrast-color has-text-color has-link-color wp-elements-fb034d9230c3e47bfbebe5e4cd8ff91e\" id=\"single\">Bilan de comp\u00e9tences<\/h3>\n\n\n\n<p class=\"has-contrast-color has-text-color has-link-color has-large-font-size wp-elements-e89c5a7eb35e075c4049352ef817275d\">Sur devis (\u00e0 partir de 1300 \u20ac)<\/p>\n\n\n\n<ul style=\"padding-bottom:var(--wp--preset--spacing--20);padding-left:var(--wp--preset--spacing--20)\" class=\"wp-block-list is-style-checkmark-list has-small-font-size\">\n<li class=\"has-contrast-color has-text-color has-link-color wp-elements-11c3d74a0070bb7f6615a0c03104f391\">Premier rdv gratuit pour faire le point<\/li>\n\n\n\n<li class=\"has-contrast-color has-text-color has-link-color wp-elements-104cfdb32bcf8872580380b8a78dce89\">Confidentiel <\/li>\n\n\n\n<li class=\"has-contrast-color has-text-color has-link-color wp-elements-284d5864d08fbbe0865f2e3c1fbff2bf\">En conformit\u00e9 avec la r\u00e9glementation en vigueur<\/li>\n\n\n\n<li class=\"has-contrast-color has-text-color has-link-color wp-elements-96b722888e6c1a7622084c59f7bbfdbd\">3 phases (pr\u00e9liminaire, investigation, conclusion) <\/li>\n\n\n\n<li class=\"has-contrast-color has-text-color has-link-color wp-elements-dd6ab672049420c59245f0e70097ff3f\">20 h d&rsquo;accompagnement en moyenne pendant 3 mois<\/li>\n\n\n\n<li class=\"has-contrast-color has-text-color has-link-color wp-elements-667a14a6549809574065930f97de81af\">Calendrier coconstruit en tenant compte de vos besoins et de vos contraintes<\/li>\n<\/ul>\n\n\n\n<div class=\"wp-block-buttons is-content-justification-center is-layout-flex wp-container-core-buttons-is-layout-a89b3969 wp-block-buttons-is-layout-flex\">\n<div class=\"wp-block-button has-custom-width wp-block-button__width-100\"><a class=\"wp-block-button__link has-accent-1-background-color has-background wp-element-button\" href=\"https:\/\/www.doctolib.fr\/psychologue\/le-pontet\/elisa-ratinet\" target=\"_blank\" rel=\"noreferrer noopener\">Prise de rdv via doctolib<\/a><\/div>\n<\/div>\n<\/div>\n\n\n\n<div class=\"wp-block-column is-style-section-5 has-border-color has-custom-fond-bouton-background-color has-background is-layout-flow wp-block-column-is-layout-flow is-style-section-5--4\" style=\"border-color:var(--wp--preset--color--accent-6);border-width:1px;border-radius:10px;padding-top:var(--wp--preset--spacing--50);padding-right:var(--wp--preset--spacing--50);padding-bottom:var(--wp--preset--spacing--50);padding-left:var(--wp--preset--spacing--50)\">\n<h3 class=\"wp-block-heading has-contrast-color has-text-color has-link-color wp-elements-c92833ae02e1fd4c565f4c98e9ac03f1\" id=\"single\">Ateliers th\u00e9matiques<\/h3>\n\n\n\n<p class=\"has-contrast-color has-text-color has-link-color has-large-font-size wp-elements-f95746d5f16bb8dcf20e60f577ea8aaa\">De 25 \u00e0 50 \u20ac <\/p>\n\n\n\n<ul style=\"padding-bottom:var(--wp--preset--spacing--20);padding-left:var(--wp--preset--spacing--20)\" class=\"wp-block-list is-style-checkmark-list has-small-font-size\">\n<li class=\"has-contrast-color has-text-color has-link-color wp-elements-7110eaeca76bced7c6437d014a567de0\">En collectif <\/li>\n\n\n\n<li class=\"has-contrast-color has-text-color has-link-color wp-elements-3b5c5f110a21a8428d2e41f12f7dd6eb\">En pr\u00e9sentiel ou distanciel <\/li>\n\n\n\n<li class=\"has-contrast-color has-text-color has-link-color wp-elements-83a51d6264253c2b57f2a49c2fcb3b9c\">Atelier de 1h \u00e0 3h<\/li>\n\n\n\n<li class=\"has-contrast-color has-text-color has-link-color wp-elements-cfccf1fffad97dd4bfd4aa71f378be67\">Th\u00e9matiques diverses (gestion du stress, gestion de conflit, etc.)<\/li>\n<\/ul>\n\n\n\n<div class=\"wp-block-buttons is-content-justification-center is-layout-flex wp-container-core-buttons-is-layout-a89b3969 wp-block-buttons-is-layout-flex\">\n<div class=\"wp-block-button has-custom-width wp-block-button__width-100\"><a class=\"wp-block-button__link has-accent-1-background-color has-background wp-element-button\">Calendrier \u00e0 venir<\/a><\/div>\n<\/div>\n<\/div>\n<\/div>\n<\/div>\n\n\n\n<p class=\"has-text-align-center\"><a style=\"display:block;text-align:center;background-color:#0596DE;color:#ffffff;font-size:14px;overflow:hidden;width:257px;height:40px;border-bottom-right-radius:none;border-bottom-left-radius:none;position:fixed;bottom:0;left:5px;z-index:1000;border-top-left-radius:4px;border-top-right-radius:4px;line-height:40px\" data-reactroot=\"\" href=\"https:\/\/www.doctolib.fr\/psychologue\/le-pontet\/elisa-ratinet\" target=\"_blank\"><span style=\"font-size:13px\">Prendre rendez-vous en ligne<\/span><img decoding=\"async\" style=\"height:15px;margin-bottom:3px;vertical-align:middle;width:auto\" src=\"https:\/\/www.doctolib.fr\/external_button\/doctolib-white-transparent.png\" alt=\"Doctolib\"><\/a><\/p>\n","protected":false},"excerpt":{"rendered":"<p>Un psychologue du travail cr\u00e9e l&rsquo;espace n\u00e9cessaire pour permettre \u00e0 chacun de s&rsquo;exprimer, de mettre des mots sur ses envies et d&rsquo;identifier des pistes d&rsquo;actions. L&rsquo;enjeu est d&rsquo;am\u00e9liorer son quotidien professionnel, d\u00e9velopper une bonne ad\u00e9quation entre sa vie professionnelle et personnelle, etc. Peut importe votre situation (salari\u00e9, demandeur d&#8217;emploi, ind\u00e9pendant, etc.), je vous propose de [&hellip;]<\/p>\n","protected":false},"author":1,"featured_media":0,"parent":0,"menu_order":0,"comment_status":"closed","ping_status":"closed","template":"","meta":{"footnotes":""},"class_list":["post-113","page","type-page","status-publish","hentry"],"yoast_head":"<!-- This site is optimized with the Yoast SEO plugin v27.3 - https:\/\/yoast.com\/product\/yoast-seo-wordpress\/ -->\n<title>S\u00e9ance psychologie et bilans pour actifs \u00e0 sorgues - Prenez RDV<\/title>\n<meta name=\"robots\" content=\"index, follow, max-snippet:-1, max-image-preview:large, max-video-preview:-1\" \/>\n<link rel=\"canonical\" href=\"https:\/\/www.cabinet-elipsy.fr\/?page_id=113\" \/>\n<meta property=\"og:locale\" content=\"fr_FR\" \/>\n<meta property=\"og:type\" content=\"article\" \/>\n<meta property=\"og:title\" content=\"S\u00e9ance psychologie et bilans pour actifs \u00e0 sorgues - Prenez RDV\" \/>\n<meta property=\"og:description\" content=\"Un psychologue du travail cr\u00e9e l&rsquo;espace n\u00e9cessaire pour permettre \u00e0 chacun de s&rsquo;exprimer, de mettre des mots sur ses envies et d&rsquo;identifier des pistes d&rsquo;actions. L&rsquo;enjeu est d&rsquo;am\u00e9liorer son quotidien professionnel, d\u00e9velopper une bonne ad\u00e9quation entre sa vie professionnelle et personnelle, etc. Peut importe votre situation (salari\u00e9, demandeur d&#8217;emploi, ind\u00e9pendant, etc.), je vous propose de [&hellip;]\" \/>\n<meta property=\"og:url\" content=\"https:\/\/www.cabinet-elipsy.fr\/?page_id=113\" \/>\n<meta property=\"og:site_name\" content=\"Cabinet Eli&#039;Psy\" \/>\n<meta property=\"article:publisher\" content=\"https:\/\/www.facebook.com\/cabinetelipsy\/\" \/>\n<meta property=\"article:modified_time\" content=\"2026-02-25T09:47:33+00:00\" \/>\n<meta property=\"og:image\" content=\"https:\/\/www.cabinet-elipsy.fr\/wp-content\/uploads\/2025\/11\/pexels-karola-g-6028540-edited.jpg\" \/>\n\t<meta property=\"og:image:width\" content=\"2240\" \/>\n\t<meta property=\"og:image:height\" content=\"2240\" \/>\n\t<meta property=\"og:image:type\" content=\"image\/jpeg\" \/>\n<meta name=\"twitter:card\" content=\"summary_large_image\" \/>\n<meta name=\"twitter:label1\" content=\"Dur\u00e9e de lecture estim\u00e9e\" \/>\n\t<meta name=\"twitter:data1\" content=\"3 minutes\" \/>\n<script type=\"application\/ld+json\" class=\"yoast-schema-graph\">{\"@context\":\"https:\\\/\\\/schema.org\",\"@graph\":[{\"@type\":\"WebPage\",\"@id\":\"https:\\\/\\\/www.cabinet-elipsy.fr\\\/?page_id=113\",\"url\":\"https:\\\/\\\/www.cabinet-elipsy.fr\\\/?page_id=113\",\"name\":\"S\u00e9ance psychologie et bilans pour actifs \u00e0 sorgues - Prenez RDV\",\"isPartOf\":{\"@id\":\"https:\\\/\\\/www.cabinet-elipsy.fr\\\/#website\"},\"primaryImageOfPage\":{\"@id\":\"https:\\\/\\\/www.cabinet-elipsy.fr\\\/?page_id=113#primaryimage\"},\"image\":{\"@id\":\"https:\\\/\\\/www.cabinet-elipsy.fr\\\/?page_id=113#primaryimage\"},\"thumbnailUrl\":\"https:\\\/\\\/www.cabinet-elipsy.fr\\\/wp-content\\\/uploads\\\/2025\\\/11\\\/pexels-karola-g-6028540-edited.jpg\",\"datePublished\":\"2025-10-22T16:34:14+00:00\",\"dateModified\":\"2026-02-25T09:47:33+00:00\",\"breadcrumb\":{\"@id\":\"https:\\\/\\\/www.cabinet-elipsy.fr\\\/?page_id=113#breadcrumb\"},\"inLanguage\":\"fr-FR\",\"potentialAction\":[{\"@type\":\"ReadAction\",\"target\":[\"https:\\\/\\\/www.cabinet-elipsy.fr\\\/?page_id=113\"]}]},{\"@type\":\"ImageObject\",\"inLanguage\":\"fr-FR\",\"@id\":\"https:\\\/\\\/www.cabinet-elipsy.fr\\\/?page_id=113#primaryimage\",\"url\":\"https:\\\/\\\/www.cabinet-elipsy.fr\\\/wp-content\\\/uploads\\\/2025\\\/11\\\/pexels-karola-g-6028540-edited.jpg\",\"contentUrl\":\"https:\\\/\\\/www.cabinet-elipsy.fr\\\/wp-content\\\/uploads\\\/2025\\\/11\\\/pexels-karola-g-6028540-edited.jpg\",\"width\":2240,\"height\":2240},{\"@type\":\"BreadcrumbList\",\"@id\":\"https:\\\/\\\/www.cabinet-elipsy.fr\\\/?page_id=113#breadcrumb\",\"itemListElement\":[{\"@type\":\"ListItem\",\"position\":1,\"name\":\"Accueil\",\"item\":\"https:\\\/\\\/www.cabinet-elipsy.fr\\\/\"},{\"@type\":\"ListItem\",\"position\":2,\"name\":\"Accompagnement pour les actifs\"}]},{\"@type\":\"WebSite\",\"@id\":\"https:\\\/\\\/www.cabinet-elipsy.fr\\\/#website\",\"url\":\"https:\\\/\\\/www.cabinet-elipsy.fr\\\/\",\"name\":\"Cabinet Eli'Psy psychologue du travail\",\"description\":\"Psychologue du travail sant\u00e9 mentale au travail burnout qvct rps handicap\",\"publisher\":{\"@id\":\"https:\\\/\\\/www.cabinet-elipsy.fr\\\/#organization\"},\"potentialAction\":[{\"@type\":\"SearchAction\",\"target\":{\"@type\":\"EntryPoint\",\"urlTemplate\":\"https:\\\/\\\/www.cabinet-elipsy.fr\\\/?s={search_term_string}\"},\"query-input\":{\"@type\":\"PropertyValueSpecification\",\"valueRequired\":true,\"valueName\":\"search_term_string\"}}],\"inLanguage\":\"fr-FR\"},{\"@type\":\"Organization\",\"@id\":\"https:\\\/\\\/www.cabinet-elipsy.fr\\\/#organization\",\"name\":\"Eli'Psy\",\"url\":\"https:\\\/\\\/www.cabinet-elipsy.fr\\\/\",\"logo\":{\"@type\":\"ImageObject\",\"inLanguage\":\"fr-FR\",\"@id\":\"https:\\\/\\\/www.cabinet-elipsy.fr\\\/#\\\/schema\\\/logo\\\/image\\\/\",\"url\":\"https:\\\/\\\/www.cabinet-elipsy.fr\\\/wp-content\\\/uploads\\\/2025\\\/09\\\/Illustration_sans_titre2-removebg-preview.png\",\"contentUrl\":\"https:\\\/\\\/www.cabinet-elipsy.fr\\\/wp-content\\\/uploads\\\/2025\\\/09\\\/Illustration_sans_titre2-removebg-preview.png\",\"width\":619,\"height\":403,\"caption\":\"Eli'Psy\"},\"image\":{\"@id\":\"https:\\\/\\\/www.cabinet-elipsy.fr\\\/#\\\/schema\\\/logo\\\/image\\\/\"},\"sameAs\":[\"https:\\\/\\\/www.facebook.com\\\/cabinetelipsy\\\/\",\"https:\\\/\\\/www.instagram.com\\\/cabinet.elipsy\\\/\"]}]}<\/script>\n<!-- \/ Yoast SEO plugin. -->","yoast_head_json":{"title":"S\u00e9ance psychologie et bilans pour actifs \u00e0 sorgues - Prenez RDV","robots":{"index":"index","follow":"follow","max-snippet":"max-snippet:-1","max-image-preview":"max-image-preview:large","max-video-preview":"max-video-preview:-1"},"canonical":"https:\/\/www.cabinet-elipsy.fr\/?page_id=113","og_locale":"fr_FR","og_type":"article","og_title":"S\u00e9ance psychologie et bilans pour actifs \u00e0 sorgues - Prenez RDV","og_description":"Un psychologue du travail cr\u00e9e l&rsquo;espace n\u00e9cessaire pour permettre \u00e0 chacun de s&rsquo;exprimer, de mettre des mots sur ses envies et d&rsquo;identifier des pistes d&rsquo;actions. L&rsquo;enjeu est d&rsquo;am\u00e9liorer son quotidien professionnel, d\u00e9velopper une bonne ad\u00e9quation entre sa vie professionnelle et personnelle, etc. Peut importe votre situation (salari\u00e9, demandeur d&#8217;emploi, ind\u00e9pendant, etc.), je vous propose de [&hellip;]","og_url":"https:\/\/www.cabinet-elipsy.fr\/?page_id=113","og_site_name":"Cabinet Eli&#039;Psy","article_publisher":"https:\/\/www.facebook.com\/cabinetelipsy\/","article_modified_time":"2026-02-25T09:47:33+00:00","og_image":[{"width":2240,"height":2240,"url":"https:\/\/www.cabinet-elipsy.fr\/wp-content\/uploads\/2025\/11\/pexels-karola-g-6028540-edited.jpg","type":"image\/jpeg"}],"twitter_card":"summary_large_image","twitter_misc":{"Dur\u00e9e de lecture estim\u00e9e":"3 minutes"},"schema":{"@context":"https:\/\/schema.org","@graph":[{"@type":"WebPage","@id":"https:\/\/www.cabinet-elipsy.fr\/?page_id=113","url":"https:\/\/www.cabinet-elipsy.fr\/?page_id=113","name":"S\u00e9ance psychologie et bilans pour actifs \u00e0 sorgues - Prenez RDV","isPartOf":{"@id":"https:\/\/www.cabinet-elipsy.fr\/#website"},"primaryImageOfPage":{"@id":"https:\/\/www.cabinet-elipsy.fr\/?page_id=113#primaryimage"},"image":{"@id":"https:\/\/www.cabinet-elipsy.fr\/?page_id=113#primaryimage"},"thumbnailUrl":"https:\/\/www.cabinet-elipsy.fr\/wp-content\/uploads\/2025\/11\/pexels-karola-g-6028540-edited.jpg","datePublished":"2025-10-22T16:34:14+00:00","dateModified":"2026-02-25T09:47:33+00:00","breadcrumb":{"@id":"https:\/\/www.cabinet-elipsy.fr\/?page_id=113#breadcrumb"},"inLanguage":"fr-FR","potentialAction":[{"@type":"ReadAction","target":["https:\/\/www.cabinet-elipsy.fr\/?page_id=113"]}]},{"@type":"ImageObject","inLanguage":"fr-FR","@id":"https:\/\/www.cabinet-elipsy.fr\/?page_id=113#primaryimage","url":"https:\/\/www.cabinet-elipsy.fr\/wp-content\/uploads\/2025\/11\/pexels-karola-g-6028540-edited.jpg","contentUrl":"https:\/\/www.cabinet-elipsy.fr\/wp-content\/uploads\/2025\/11\/pexels-karola-g-6028540-edited.jpg","width":2240,"height":2240},{"@type":"BreadcrumbList","@id":"https:\/\/www.cabinet-elipsy.fr\/?page_id=113#breadcrumb","itemListElement":[{"@type":"ListItem","position":1,"name":"Accueil","item":"https:\/\/www.cabinet-elipsy.fr\/"},{"@type":"ListItem","position":2,"name":"Accompagnement pour les actifs"}]},{"@type":"WebSite","@id":"https:\/\/www.cabinet-elipsy.fr\/#website","url":"https:\/\/www.cabinet-elipsy.fr\/","name":"Cabinet Eli'Psy psychologue du travail","description":"Psychologue du travail sant\u00e9 mentale au travail burnout qvct rps handicap","publisher":{"@id":"https:\/\/www.cabinet-elipsy.fr\/#organization"},"potentialAction":[{"@type":"SearchAction","target":{"@type":"EntryPoint","urlTemplate":"https:\/\/www.cabinet-elipsy.fr\/?s={search_term_string}"},"query-input":{"@type":"PropertyValueSpecification","valueRequired":true,"valueName":"search_term_string"}}],"inLanguage":"fr-FR"},{"@type":"Organization","@id":"https:\/\/www.cabinet-elipsy.fr\/#organization","name":"Eli'Psy","url":"https:\/\/www.cabinet-elipsy.fr\/","logo":{"@type":"ImageObject","inLanguage":"fr-FR","@id":"https:\/\/www.cabinet-elipsy.fr\/#\/schema\/logo\/image\/","url":"https:\/\/www.cabinet-elipsy.fr\/wp-content\/uploads\/2025\/09\/Illustration_sans_titre2-removebg-preview.png","contentUrl":"https:\/\/www.cabinet-elipsy.fr\/wp-content\/uploads\/2025\/09\/Illustration_sans_titre2-removebg-preview.png","width":619,"height":403,"caption":"Eli'Psy"},"image":{"@id":"https:\/\/www.cabinet-elipsy.fr\/#\/schema\/logo\/image\/"},"sameAs":["https:\/\/www.facebook.com\/cabinetelipsy\/","https:\/\/www.instagram.com\/cabinet.elipsy\/"]}]}},"_links":{"self":[{"href":"https:\/\/www.cabinet-elipsy.fr\/index.php?rest_route=\/wp\/v2\/pages\/113","targetHints":{"allow":["GET"]}}],"collection":[{"href":"https:\/\/www.cabinet-elipsy.fr\/index.php?rest_route=\/wp\/v2\/pages"}],"about":[{"href":"https:\/\/www.cabinet-elipsy.fr\/index.php?rest_route=\/wp\/v2\/types\/page"}],"author":[{"embeddable":true,"href":"https:\/\/www.cabinet-elipsy.fr\/index.php?rest_route=\/wp\/v2\/users\/1"}],"replies":[{"embeddable":true,"href":"https:\/\/www.cabinet-elipsy.fr\/index.php?rest_route=%2Fwp%2Fv2%2Fcomments&post=113"}],"version-history":[{"count":20,"href":"https:\/\/www.cabinet-elipsy.fr\/index.php?rest_route=\/wp\/v2\/pages\/113\/revisions"}],"predecessor-version":[{"id":329,"href":"https:\/\/www.cabinet-elipsy.fr\/index.php?rest_route=\/wp\/v2\/pages\/113\/revisions\/329"}],"wp:attachment":[{"href":"https:\/\/www.cabinet-elipsy.fr\/index.php?rest_route=%2Fwp%2Fv2%2Fmedia&parent=113"}],"curies":[{"name":"wp","href":"https:\/\/api.w.org\/{rel}","templated":true}]}}